{"id":1020,"date":"2021-04-13T09:04:35","date_gmt":"2021-04-13T09:04:35","guid":{"rendered":"http:\/\/localhost\/Colpofix_Multisite_Test\/?page_id=3"},"modified":"2022-12-23T10:16:37","modified_gmt":"2022-12-23T09:16:37","slug":"politica-de-privacidad","status":"publish","type":"page","link":"https:\/\/www.colpofix.com\/es\/politica-de-privacidad\/","title":{"rendered":"POL\u00cdTICA DE PRIVACIDAD"},"content":{"rendered":"<p><div class=\"fusion-fullwidth fullwidth-box fusion-builder-row-1 fusion-flex-container nonhundred-percent-fullwidth non-hundred-percent-height-scrolling\" style=\"background-color: rgba(255,255,255,0);background-position: left top;background-repeat: no-repeat;border-width: 0px 0px 0px 0px;border-color:#e2e2e2;border-style:solid;\" ><div class=\"fusion-builder-row fusion-row fusion-flex-align-items-flex-start\" style=\"max-width:1185.6px;margin-left: calc(-4% \/ 2 );margin-right: calc(-4% \/ 2 );\"><div class=\"fusion-layout-column fusion_builder_column fusion-builder-column-0 fusion_builder_column_1_1 1_1 fusion-flex-column\"><div class=\"fusion-column-wrapper fusion-flex-justify-content-flex-start fusion-content-layout-column\" style=\"background-position:left top;background-repeat:no-repeat;-webkit-background-size:cover;-moz-background-size:cover;-o-background-size:cover;background-size:cover;padding: 0px 0px 0px 0px;\"><style type=\"text\/css\">@media only screen and (max-width:1024px) {.fusion-title.fusion-title-1{margin-top:10px!important; margin-right:!important;margin-bottom:15px!important;margin-left:!important;}}@media only screen and (max-width:640px) {.fusion-title.fusion-title-1{margin-top:10px!important; margin-right:!important;margin-bottom:10px!important; margin-left:!important;}}<\/style><div class=\"fusion-title title fusion-title-1 fusion-sep-none fusion-title-center fusion-title-text fusion-title-size-one\" style=\"margin-top:10px;margin-bottom:15px;\"><h1 class=\"title-heading-center fusion-responsive-typography-calculated\" style=\"margin:0;--fontSize:40;line-height:1.16;\">Pol\u00edtica de privacidad<\/h1><\/div><div class=\"fusion-separator\" style=\"align-self: center;margin-left: auto;margin-right: auto;margin-bottom:30px;width:100%;max-width:115px;\"><div class=\"fusion-separator-border sep-single sep-solid\" style=\"border-color:#8ca1b2;border-top-width:2px;\"><\/div><\/div><\/div><style type=\"text\/css\">.fusion-body .fusion-builder-column-0{width:100% !important;margin-top : 0px;margin-bottom : 0px;}.fusion-builder-column-0 > .fusion-column-wrapper {padding-top : 0px !important;padding-right : 0px !important;margin-right : 1.92%;padding-bottom : 0px !important;padding-left : 0px !important;margin-left : 1.92%;}@media only screen and (max-width:1024px) {.fusion-body .fusion-builder-column-0{width:100% !important;order : 0;}.fusion-builder-column-0 > .fusion-column-wrapper {margin-right : 1.92%;margin-left : 1.92%;}}@media only screen and (max-width:640px) {.fusion-body .fusion-builder-column-0{width:100% !important;order : 0;}.fusion-builder-column-0 > .fusion-column-wrapper {margin-right : 1.92%;margin-left : 1.92%;}}<\/style><\/div><\/div><style type=\"text\/css\">.fusion-body .fusion-flex-container.fusion-builder-row-1{ padding-top : 0px;margin-top : 0px;padding-right : 0px;padding-bottom : 0px;margin-bottom : 0px;padding-left : 0px;}<\/style><\/div><div class=\"fusion-fullwidth fullwidth-box fusion-builder-row-2 fusion-flex-container nonhundred-percent-fullwidth non-hundred-percent-height-scrolling\" style=\"background-color: rgba(255,255,255,0);background-position: center center;background-repeat: no-repeat;border-width: 0px 0px 0px 0px;border-color:#e2e2e2;border-style:solid;\" ><div class=\"fusion-builder-row fusion-row fusion-flex-align-items-flex-start\" style=\"max-width:1185.6px;margin-left: calc(-4% \/ 2 );margin-right: calc(-4% \/ 2 );\"><div class=\"fusion-layout-column fusion_builder_column fusion-builder-column-1 fusion_builder_column_1_1 1_1 fusion-flex-column\"><div class=\"fusion-column-wrapper fusion-flex-justify-content-flex-start fusion-content-layout-column\" style=\"background-position:left top;background-repeat:no-repeat;-webkit-background-size:cover;-moz-background-size:cover;-o-background-size:cover;background-size:cover;padding: 0px 0px 0px 0px;\"><div class=\"fusion-text fusion-text-1\"><p>Mediante la presente Pol\u00edtica de Privacidad, le informamos sobre la recopilaci\u00f3n, tratamiento y uso de sus datos personales recabados por URIACH CONSUMER HEALTHCARE, S.L. mediante la utilizaci\u00f3n de la presente p\u00e1gina web.<\/p>\n<p><strong>\u00bfQui\u00e9n es el responsable del tratamiento de sus datos?<\/strong><\/p>\n<table class=\"tablelegal\" width=\"95%\">\n<tbody>\n<tr>\n<td class=\"backgroundedtd\" width=\"40%\"><strong>Identidad del responsable:<\/strong><\/td>\n<td width=\"60%\">URIACH CONSUMER HEALTHCARE, S.L.<\/td>\n<\/tr>\n<tr>\n<td class=\"backgroundedtd\" width=\"40%\"><strong>Direcci\u00f3n:<\/strong><\/td>\n<td width=\"60%\">Edifici Green<br \/>\nAvinguda de la Generalitat 163-167 Sant Cugat del Vall\u00e8s \u00b7 08174 \u00b7 Barcelona \u00b7 Spain<\/td>\n<\/tr>\n<tr>\n<td class=\"backgroundedtd\" width=\"40%\"><strong>Correo:<\/strong><\/td>\n<td width=\"60%\">dpo@uriach.com<\/td>\n<\/tr>\n<\/tbody>\n<\/table>\n<p><strong>\u00bfCon qu\u00e9 finalidades trataremos sus datos y cu\u00e1l es la legitimaci\u00f3n para tratarlos?<\/strong><\/p>\n<p>En URIACH CONSUMER HEALTHCARE, S.L. (en adelante, \u201c<strong>URIACH<\/strong>\u201d) tratamos los datos personales que nos facilite, as\u00ed como todos aquellos que sean recabados a trav\u00e9s de la presente p\u00e1gina y los que deriven de su relaci\u00f3n con nosotros con las siguientes <u>finalidades principales:<\/u><\/p>\n<ul>\n<li><strong>Formulario de contacto<\/strong>: Sus datos personales ser\u00e1n tratados con la finalidad de gestionar y responder a las dudas y\/o consultas que nos planteen. Por ello, nos podremos poner en contacto con usted telef\u00f3nicamente, as\u00ed como telem\u00e1ticamente.<br \/>\nLa base legal para el tratamiento de sus datos personales ser\u00e1 el <u>consentimiento<\/u> prestado por su parte en el momento de enviarnos la consulta.<\/li>\n<\/ul>\n<p><strong>\u00bfQu\u00e9 datos tratamos?<\/strong><\/p>\n<p>En el marco de las funcionalidades ofrecidas a trav\u00e9s de esta p\u00e1gina web, y condicionado a las finalidades previamente indicadas, en URIACH tratamos datos identificativos y de contacto como son nombre y apellidos, correo electr\u00f3nico y si nos lo proporciona, su tel\u00e9fono.<\/p>\n<p>Por otro lado, para el caso que nos haya facilitado su curr\u00edculum, trataremos los datos personales incluidos en el mismo con la finalidad expuesta en el apartado anterior.<\/p>\n<p><strong>\u00bfA qu\u00e9 destinatarios se comunicar\u00e1n los datos?<\/strong><\/p>\n<p>URIACH no comunicar\u00e1 sus datos personales a terceros salvo en cumplimiento de obligaciones legales.<\/p>\n<p>No obstante lo anterior, informarle que para poder prestarle nuestros servicios ofrecidos a trav\u00e9s de la presente p\u00e1gina web, requerimos de la asistencia de proveedores de servicios. Estos terceros podr\u00e1n tener acceso a sus datos pero, en cualquier caso, actuar\u00e1n en nombre y por nuestra cuenta, siguiendo nuestras instrucciones. En ning\u00fan caso dispondr\u00e1n de sus datos para finalidades propias.<\/p>\n<p><strong>\u00bfPor cu\u00e1nto tiempo conservaremos sus datos?<\/strong><\/p>\n<p>URIACH conservar\u00e1 sus datos personales durante el tiempo necesario para cumplir la finalidad para la cual se recogieron. En consecuencia, si es necesario, los datos se bloquear\u00e1n hasta que finalice el plazo legalmente establecido. En el caso de que sus datos personales se utilicen para varias finalidades que nos obligaran a conservarlos durante plazos diferentes, aplicaremos el plazo de conservaci\u00f3n m\u00e1s largo.<\/p>\n<p>Asimismo, sus datos personales ser\u00e1n conservados mientras usted no solicite la supresi\u00f3n de los mismos.<\/p>\n<p><strong>\u00bfCu\u00e1les son sus derechos como titular de los datos?<\/strong><\/p>\n<table class=\"tablelegal\" width=\"95%\">\n<tbody>\n<tr>\n<td width=\"30%\"><strong>Derecho<\/strong><\/td>\n<td width=\"70%\"><strong>Contenido<\/strong><\/td>\n<\/tr>\n<tr>\n<td width=\"30%\"><strong>Acceso<\/strong><\/td>\n<td width=\"70%\">Podr\u00e1 obtener confirmaci\u00f3n sobre si se tratan sus datos personales, as\u00ed como consultar sus datos personales concretos objeto de tratamiento.<\/td>\n<\/tr>\n<tr>\n<td width=\"30%\"><strong>Rectificaci\u00f3n<\/strong><\/td>\n<td width=\"70%\">Podr\u00e1 modificar sus datos personales cuando sean inexactos, as\u00ed como completar aquellos que sean incompletos.<\/td>\n<\/tr>\n<tr>\n<td width=\"30%\"><strong>Supresi\u00f3n<\/strong><\/td>\n<td width=\"70%\">Podr\u00e1 solicitar la eliminaci\u00f3n sus datos personales cuando, entre otros motivos, los datos ya no sean necesarios para los fines que fueron recogidos.<\/td>\n<\/tr>\n<tr>\n<td width=\"30%\"><strong>Oposici\u00f3n<\/strong><\/td>\n<td width=\"70%\">Podr\u00e1 solicitar que no se traten sus datos personales, salvo que no sea posible por motivos leg\u00edtimos imperiosos o el ejercicio o la defensa de posibles reclamaciones.<\/td>\n<\/tr>\n<tr>\n<td width=\"30%\"><strong>Limitaci\u00f3n del tratamiento<\/strong><\/td>\n<td width=\"70%\">Podr\u00e1 solicitar la limitaci\u00f3n al tratamiento de tus datos en los siguientes supuestos:<\/p>\n<ul>\n<li>Mientras se compruebe la impugnaci\u00f3n de la exactitud de tus datos;<\/li>\n<li>Cuando el tratamiento es il\u00edcito, se opongas a la supresi\u00f3n de sus datos, y solicite la limitaci\u00f3n de su uso;<\/li>\n<li>Cuando no se necesite tratar sus datos, pero los necesite para el ejercicio o defensa de reclamaciones;<\/li>\n<li>Cuando se haya opuesto al tratamiento de sus datos para el cumplimiento de una misi\u00f3n de inter\u00e9s p\u00fablico o para la satisfacci\u00f3n de un inter\u00e9s leg\u00edtimo, mientras se verifica si los motivos leg\u00edtimos para el tratamiento prevalecen sobre los suyos.<\/li>\n<\/ul>\n<\/td>\n<\/tr>\n<tr>\n<td width=\"30%\"><strong>Portabilidad<\/strong><\/td>\n<td width=\"70%\">Podr\u00e1 recibir, en formato electr\u00f3nico, los datos personales que nos haya facilitado y aquellos que se han obtenido a trav\u00e9s del sitio web, as\u00ed como a transmitirlos a otra entidad.<\/td>\n<\/tr>\n<\/tbody>\n<\/table>\n<p><strong>Canales de ejercicio: <\/strong>Podr\u00e1 ejercer dichos derechos mediante solicitud escrita dirigida a URIACH CONSUMER HEALTHCARE, S.L., en Avda. Cam\u00ed Reial, n\u00fam. 51-57, 08184 &#8211; Palau Solit\u00e0 i Plegamans (Barcelona) o enviando un email a <a href=\"mailto:dpo@uriach.com\">dpo@uriach.com<\/a>, en ambos casos con la referencia \u201cProtecci\u00f3n de Datos\u201d. Para el ejercicio de sus derechos deber\u00e1 adjuntar una copia de su DNI u otro documento que acredite su identidad e indicar el derecho que desea ejercer.<\/p>\n<p>URIACH se encuentra adherida al C\u00f3digo de Conducta de Protecci\u00f3n de Datos en la Actividad Publicitaria de AUTOCONTROL, acreditado por la Agencia Espa\u00f1ola de Protecci\u00f3n de Datos y por tanto, est\u00e1 sometida a su sistema extrajudicial de tramitaci\u00f3n de reclamaciones cuando est\u00e9n relacionadas con protecci\u00f3n de datos y publicidad, disponible para los interesados en el sitio web <a href=\"www.autocontrol.es\" target=\"_blank\" rel=\"noopener\">www.autocontrol.es<\/a>.<\/p>\n<p>Si consideras que no se han tratado tus datos personales de conformidad con la normativa aplicable podr\u00e1 presentar una reclamaci\u00f3n frente a la Agencia Espa\u00f1ola de Protecci\u00f3n de Datos a trav\u00e9s de su p\u00e1gina web <a href=\"http:\/\/www.aepd.es\" target=\"_blank\" rel=\"noopener\">www.aepd.es<\/a><\/p>\n<p>El ejercicio de estos derechos es gratuito.<\/p>\n<\/div><\/div><style type=\"text\/css\">.fusion-body .fusion-builder-column-1{width:100% !important;margin-top : 0px;margin-bottom : 20px;}.fusion-builder-column-1 > .fusion-column-wrapper {padding-top : 0px !important;padding-right : 0px !important;margin-right : 1.92%;padding-bottom : 0px !important;padding-left : 0px !important;margin-left : 1.92%;}@media only screen and (max-width:1024px) {.fusion-body .fusion-builder-column-1{width:100% !important;order : 0;}.fusion-builder-column-1 > .fusion-column-wrapper {margin-right : 1.92%;margin-left : 1.92%;}}@media only screen and (max-width:640px) {.fusion-body .fusion-builder-column-1{width:100% !important;order : 0;}.fusion-builder-column-1 > .fusion-column-wrapper {margin-right : 1.92%;margin-left : 1.92%;}}<\/style><\/div><\/div><style type=\"text\/css\">.fusion-body .fusion-flex-container.fusion-builder-row-2{ padding-top : 0px;margin-top : 0px;padding-right : 0px;padding-bottom : 0px;margin-bottom : 0px;padding-left : 0px;}<\/style><\/div><\/p>\n","protected":false},"excerpt":{"rendered":"","protected":false},"author":1,"featured_media":0,"parent":0,"menu_order":0,"comment_status":"closed","ping_status":"closed","template":"","meta":[],"_links":{"self":[{"href":"https:\/\/www.colpofix.com\/es\/wp-json\/wp\/v2\/pages\/1020"}],"collection":[{"href":"https:\/\/www.colpofix.com\/es\/wp-json\/wp\/v2\/pages"}],"about":[{"href":"https:\/\/www.colpofix.com\/es\/wp-json\/wp\/v2\/types\/page"}],"author":[{"embeddable":true,"href":"https:\/\/www.colpofix.com\/es\/wp-json\/wp\/v2\/users\/1"}],"replies":[{"embeddable":true,"href":"https:\/\/www.colpofix.com\/es\/wp-json\/wp\/v2\/comments?post=1020"}],"version-history":[{"count":1,"href":"https:\/\/www.colpofix.com\/es\/wp-json\/wp\/v2\/pages\/1020\/revisions"}],"predecessor-version":[{"id":2012,"href":"https:\/\/www.colpofix.com\/es\/wp-json\/wp\/v2\/pages\/1020\/revisions\/2012"}],"wp:attachment":[{"href":"https:\/\/www.colpofix.com\/es\/wp-json\/wp\/v2\/media?parent=1020"}],"curies":[{"name":"wp","href":"https:\/\/api.w.org\/{rel}","templated":true}]}}