{"id":153,"date":"2021-04-23T09:34:46","date_gmt":"2021-04-23T07:34:46","guid":{"rendered":"http:\/\/localhost\/Colpofix_Multisite_Test\/?page_id=153"},"modified":"2022-02-22T09:30:26","modified_gmt":"2022-02-22T08:30:26","slug":"prevenir-vph","status":"publish","type":"page","link":"https:\/\/www.colpofix.com\/es\/prevenir-vph\/","title":{"rendered":"PREVENCI\u00d3N DE LA LESIONES DE CUELLO DEL \u00daTERO"},"content":{"rendered":"<p><div class=\"fusion-fullwidth fullwidth-box fusion-builder-row-1 fusion-flex-container nonhundred-percent-fullwidth non-hundred-percent-height-scrolling\" style=\"background-color: rgba(255,255,255,0);background-position: left top;background-repeat: no-repeat;border-width: 0px 0px 0px 0px;border-color:#e2e2e2;border-style:solid;\" ><div class=\"fusion-builder-row fusion-row fusion-flex-align-items-flex-start\" style=\"max-width:1185.6px;margin-left: calc(-4% \/ 2 );margin-right: calc(-4% \/ 2 );\"><div class=\"fusion-layout-column fusion_builder_column fusion-builder-column-0 fusion_builder_column_1_1 1_1 fusion-flex-column\"><div class=\"fusion-column-wrapper fusion-flex-justify-content-flex-start fusion-content-layout-column\" style=\"background-position:left top;background-repeat:no-repeat;-webkit-background-size:cover;-moz-background-size:cover;-o-background-size:cover;background-size:cover;padding: 0px 0px 0px 0px;\"><style type=\"text\/css\">@media only screen and (max-width:1024px) {.fusion-title.fusion-title-1{margin-top:10px!important; margin-right:!important;margin-bottom:15px!important;margin-left:!important;}}@media only screen and (max-width:640px) {.fusion-title.fusion-title-1{margin-top:10px!important; margin-right:!important;margin-bottom:10px!important; margin-left:!important;}}<\/style><div class=\"fusion-title title fusion-title-1 fusion-sep-none fusion-title-center fusion-title-text fusion-title-size-one\" style=\"margin-top:10px;margin-bottom:15px;\"><h1 class=\"title-heading-center fusion-responsive-typography-calculated\" style=\"margin:0;--fontSize:40;line-height:1.16;\">Prevenci\u00f3n de las lesiones de cuello del \u00fatero<\/h1><\/div><div class=\"fusion-separator\" style=\"align-self: center;margin-left: auto;margin-right: auto;margin-bottom:30px;width:100%;max-width:115px;\"><div class=\"fusion-separator-border sep-single sep-solid\" style=\"border-color:#8ca1b2;border-top-width:2px;\"><\/div><\/div><\/div><style type=\"text\/css\">.fusion-body .fusion-builder-column-0{width:100% !important;margin-top : 0px;margin-bottom : 0px;}.fusion-builder-column-0 > .fusion-column-wrapper {padding-top : 0px !important;padding-right : 0px !important;margin-right : 1.92%;padding-bottom : 0px !important;padding-left : 0px !important;margin-left : 1.92%;}@media only screen and (max-width:1024px) {.fusion-body .fusion-builder-column-0{width:100% !important;order : 0;}.fusion-builder-column-0 > .fusion-column-wrapper {margin-right : 1.92%;margin-left : 1.92%;}}@media only screen and (max-width:640px) {.fusion-body .fusion-builder-column-0{width:100% !important;order : 0;}.fusion-builder-column-0 > .fusion-column-wrapper {margin-right : 1.92%;margin-left : 1.92%;}}<\/style><\/div><\/div><style type=\"text\/css\">.fusion-body .fusion-flex-container.fusion-builder-row-1{ padding-top : 30px;margin-top : 0px;padding-right : 0px;padding-bottom : 0px;margin-bottom : 0px;padding-left : 0px;}<\/style><\/div><div class=\"fusion-fullwidth fullwidth-box fusion-builder-row-2 fusion-flex-container nonhundred-percent-fullwidth non-hundred-percent-height-scrolling\" style=\"background-color: rgba(255,255,255,0);background-position: center center;background-repeat: no-repeat;border-width: 0px 0px 0px 0px;border-color:#e2e2e2;border-style:solid;\" ><div class=\"fusion-builder-row fusion-row fusion-flex-align-items-flex-start\" style=\"max-width:1185.6px;margin-left: calc(-4% \/ 2 );margin-right: calc(-4% \/ 2 );\"><div class=\"fusion-layout-column fusion_builder_column fusion-builder-column-1 fusion_builder_column_1_1 1_1 fusion-flex-column\"><div class=\"fusion-column-wrapper fusion-flex-justify-content-flex-start fusion-content-layout-column\" style=\"background-position:left top;background-repeat:no-repeat;-webkit-background-size:cover;-moz-background-size:cover;-o-background-size:cover;background-size:cover;padding: 0px 0px 0px 0px;\"><div class=\"fusion-text fusion-text-1\"><p>Las lesiones cervicales por infecci\u00f3n por el Virus del Papiloma Humano (VPH) puede prevenirse con:<\/p>\n<\/div><\/div><style type=\"text\/css\">.fusion-body .fusion-builder-column-1{width:100% !important;margin-top : 0px;margin-bottom : 0px;}.fusion-builder-column-1 > .fusion-column-wrapper {padding-top : 0px !important;padding-right : 0px !important;margin-right : 1.92%;padding-bottom : 0px !important;padding-left : 0px !important;margin-left : 1.92%;}@media only screen and (max-width:1024px) {.fusion-body .fusion-builder-column-1{width:100% !important;order : 0;}.fusion-builder-column-1 > .fusion-column-wrapper {margin-right : 1.92%;margin-left : 1.92%;}}@media only screen and (max-width:640px) {.fusion-body .fusion-builder-column-1{width:100% !important;order : 0;}.fusion-builder-column-1 > .fusion-column-wrapper {margin-right : 1.92%;margin-left : 1.92%;}}<\/style><\/div><\/div><style type=\"text\/css\">.fusion-body .fusion-flex-container.fusion-builder-row-2{ padding-top : 0px;margin-top : 0px;padding-right : 0px;padding-bottom : 0px;margin-bottom : 0px;padding-left : 0px;}<\/style><\/div><div class=\"fusion-fullwidth fullwidth-box fusion-builder-row-3 fusion-flex-container nonhundred-percent-fullwidth non-hundred-percent-height-scrolling\" style=\"background-color: rgba(255,255,255,0);background-position: center center;background-repeat: no-repeat;border-width: 0px 0px 0px 0px;border-color:#e2e2e2;border-style:solid;\" ><div class=\"fusion-builder-row fusion-row fusion-flex-align-items-stretch\" style=\"max-width:1185.6px;margin-left: calc(-4% \/ 2 );margin-right: calc(-4% \/ 2 );\"><div class=\"fusion-layout-column fusion_builder_column fusion-builder-column-2 fusion_builder_column_1_3 1_3 fusion-flex-column\"><div class=\"fusion-column-wrapper fusion-flex-justify-content-flex-start fusion-content-layout-column\" style=\"background-position:left top;background-repeat:no-repeat;-webkit-background-size:cover;-moz-background-size:cover;-o-background-size:cover;background-size:cover;background-color:#ffffff;border-width: 1px 1px 1px 1px;border-color:#87a2b3;border-style:solid;padding: 30px 30px 30px 30px;\"><div style=\"text-align:center;\"><span class=\" fusion-imageframe imageframe-none imageframe-1 hover-type-none\"><img width=\"68\" height=\"69\" src=\"https:\/\/storage.googleapis.com\/statics-pro-colpofix-uriach-web\/sites\/2\/2021\/07\/Education.png\" alt class=\"img-responsive wp-image-766\"\/><\/span><\/div><div class=\"fusion-text fusion-text-2 circle-background\" style=\"color:#ffffff;margin-top:10px;\"><h2 style=\"text-align: center\"><strong>1<\/strong><\/h2>\n<\/div><div class=\"fusion-text fusion-text-3\"><h3><strong><span style=\"color: #915b8f\">EDUCACI\u00d3N<\/span><\/strong><\/h3>\n<p>Una vida sexual responsable: los preservativos pueden ayudar a protegerte frente al VPH.<\/p>\n<p>Estilo de vida saludable:<\/p>\n<ul>\n<li>Dieta equilibrada<\/li>\n<li>Evitar el tabaquismo<\/li>\n<li>Realizar ejercicio f\u00edsico frecuentemente<\/li>\n<\/ul>\n<\/div><\/div><style type=\"text\/css\">.fusion-body .fusion-builder-column-2{width:33.333333333333% !important;margin-top : 0px;margin-bottom : 0px;}.fusion-builder-column-2 > .fusion-column-wrapper {padding-top : 30px !important;padding-right : 30px !important;margin-right : 5.76%;padding-bottom : 30px !important;padding-left : 30px !important;margin-left : 5.76%;}@media only screen and (max-width:1024px) {.fusion-body .fusion-builder-column-2{width:33.333333333333% !important;order : 0;}.fusion-builder-column-2 > .fusion-column-wrapper {margin-right : 5.76%;margin-left : 5.76%;}}@media only screen and (max-width:640px) {.fusion-body .fusion-builder-column-2{width:100% !important;order : 0;}.fusion-builder-column-2 > .fusion-column-wrapper {margin-right : 1.92%;margin-left : 1.92%;}}<\/style><\/div><div class=\"fusion-layout-column fusion_builder_column fusion-builder-column-3 fusion_builder_column_1_3 1_3 fusion-flex-column\"><div class=\"fusion-column-wrapper fusion-flex-justify-content-flex-start fusion-content-layout-column\" style=\"background-position:left top;background-repeat:no-repeat;-webkit-background-size:cover;-moz-background-size:cover;-o-background-size:cover;background-size:cover;background-color:#ffffff;border-width: 1px 1px 1px 1px;border-color:#87a2b3;border-style:solid;padding: 30px 30px 30px 30px;\"><div style=\"text-align:center;\"><span class=\" fusion-imageframe imageframe-none imageframe-2 hover-type-none\"><img width=\"82\" height=\"69\" src=\"https:\/\/storage.googleapis.com\/statics-pro-colpofix-uriach-web\/sites\/2\/2021\/07\/screening.png\" alt class=\"img-responsive wp-image-767\"\/><\/span><\/div><div class=\"fusion-text fusion-text-4 circle-background\" style=\"margin-top:10px;\"><h2 style=\"text-align: center\"><strong>2<\/strong><\/h2>\n<\/div><div class=\"fusion-text fusion-text-5\"><h3><span style=\"color: #915b8f\"><strong>CRIBADO<\/strong><\/span><\/h3>\n<p>Revisiones ginecol\u00f3gicas anuales: las mujeres sexualmente activas deben someterse a un cribado a partir de los 30 a\u00f1os.<\/p>\n<\/div><\/div><style type=\"text\/css\">.fusion-body .fusion-builder-column-3{width:33.333333333333% !important;margin-top : 0px;margin-bottom : 0px;}.fusion-builder-column-3 > .fusion-column-wrapper {padding-top : 30px !important;padding-right : 30px !important;margin-right : 5.76%;padding-bottom : 30px !important;padding-left : 30px !important;margin-left : 5.76%;}@media only screen and (max-width:1024px) {.fusion-body .fusion-builder-column-3{width:33.333333333333% !important;order : 0;}.fusion-builder-column-3 > .fusion-column-wrapper {margin-right : 5.76%;margin-left : 5.76%;}}@media only screen and (max-width:640px) {.fusion-body .fusion-builder-column-3{width:100% !important;order : 0;}.fusion-builder-column-3 > .fusion-column-wrapper {margin-right : 1.92%;margin-left : 1.92%;}}<\/style><\/div><div class=\"fusion-layout-column fusion_builder_column fusion-builder-column-4 fusion_builder_column_1_3 1_3 fusion-flex-column\"><div class=\"fusion-column-wrapper fusion-flex-justify-content-flex-start fusion-content-layout-column\" style=\"background-position:left top;background-repeat:no-repeat;-webkit-background-size:cover;-moz-background-size:cover;-o-background-size:cover;background-size:cover;background-color:#ffffff;border-width: 1px 1px 1px 1px;border-color:#87a2b3;border-style:solid;padding: 30px 30px 30px 30px;\"><div style=\"text-align:center;\"><span class=\" fusion-imageframe imageframe-none imageframe-3 hover-type-none\"><img width=\"63\" height=\"70\" src=\"https:\/\/storage.googleapis.com\/statics-pro-colpofix-uriach-web\/sites\/2\/2021\/07\/vaccination.png\" alt class=\"img-responsive wp-image-768\"\/><\/span><\/div><div class=\"fusion-text fusion-text-6 circle-background\" style=\"margin-top:10px;\"><h2 style=\"text-align: center\"><strong>3<\/strong><\/h2>\n<\/div><div class=\"fusion-text fusion-text-7\"><h3><span style=\"color: #915b8f\"><strong>VACUNACI\u00d3N<\/strong><\/span><\/h3>\n<p>La prevenci\u00f3n primaria empieza con la vacunaci\u00f3n de ni\u00f1as de 9 a 14 a\u00f1os contra el VPH antes de que sean sexualmente activas.<\/p>\n<p>Las vacunas no tratan la infecci\u00f3n por VPH ni las enfermedades asociadas, como el c\u00e1ncer, y no sustituyen al cribado del c\u00e1ncer de cuello uterino.<\/p>\n<\/div><\/div><style type=\"text\/css\">.fusion-body .fusion-builder-column-4{width:33.333333333333% !important;margin-top : 0px;margin-bottom : 0px;}.fusion-builder-column-4 > .fusion-column-wrapper {padding-top : 30px !important;padding-right : 30px !important;margin-right : 5.76%;padding-bottom : 30px !important;padding-left : 30px !important;margin-left : 5.76%;}@media only screen and (max-width:1024px) {.fusion-body .fusion-builder-column-4{width:33.333333333333% !important;order : 0;}.fusion-builder-column-4 > .fusion-column-wrapper {margin-right : 5.76%;margin-left : 5.76%;}}@media only screen and (max-width:640px) {.fusion-body .fusion-builder-column-4{width:100% !important;order : 0;}.fusion-builder-column-4 > .fusion-column-wrapper {margin-right : 1.92%;margin-left : 1.92%;}}<\/style><\/div><\/div><style type=\"text\/css\">.fusion-body .fusion-flex-container.fusion-builder-row-3{ padding-top : 0px;margin-top : 0px;padding-right : 0px;padding-bottom : 0px;margin-bottom : 0px;padding-left : 0px;}<\/style><\/div><\/p>\n","protected":false},"excerpt":{"rendered":"","protected":false},"author":1,"featured_media":0,"parent":0,"menu_order":0,"comment_status":"closed","ping_status":"closed","template":"","meta":[],"_links":{"self":[{"href":"https:\/\/www.colpofix.com\/es\/wp-json\/wp\/v2\/pages\/153"}],"collection":[{"href":"https:\/\/www.colpofix.com\/es\/wp-json\/wp\/v2\/pages"}],"about":[{"href":"https:\/\/www.colpofix.com\/es\/wp-json\/wp\/v2\/types\/page"}],"author":[{"embeddable":true,"href":"https:\/\/www.colpofix.com\/es\/wp-json\/wp\/v2\/users\/1"}],"replies":[{"embeddable":true,"href":"https:\/\/www.colpofix.com\/es\/wp-json\/wp\/v2\/comments?post=153"}],"version-history":[{"count":2,"href":"https:\/\/www.colpofix.com\/es\/wp-json\/wp\/v2\/pages\/153\/revisions"}],"predecessor-version":[{"id":1985,"href":"https:\/\/www.colpofix.com\/es\/wp-json\/wp\/v2\/pages\/153\/revisions\/1985"}],"wp:attachment":[{"href":"https:\/\/www.colpofix.com\/es\/wp-json\/wp\/v2\/media?parent=153"}],"curies":[{"name":"wp","href":"https:\/\/api.w.org\/{rel}","templated":true}]}}