{"id":178,"date":"2021-04-26T09:41:10","date_gmt":"2021-04-26T07:41:10","guid":{"rendered":"http:\/\/localhost\/Colpofix_Multisite_Test\/?page_id=178"},"modified":"2022-02-22T10:38:30","modified_gmt":"2022-02-22T09:38:30","slug":"beneficios","status":"publish","type":"page","link":"https:\/\/www.colpofix.com\/es\/beneficios\/","title":{"rendered":"BENEFICIOS"},"content":{"rendered":"<p><div class=\"fusion-fullwidth fullwidth-box fusion-builder-row-1 fusion-flex-container nonhundred-percent-fullwidth non-hundred-percent-height-scrolling\" style=\"background-color: rgba(255,255,255,0);background-position: left top;background-repeat: no-repeat;border-width: 0px 0px 0px 0px;border-color:#e2e2e2;border-style:solid;\" ><div class=\"fusion-builder-row fusion-row fusion-flex-align-items-flex-start\" style=\"max-width:1185.6px;margin-left: calc(-4% \/ 2 );margin-right: calc(-4% \/ 2 );\"><div class=\"fusion-layout-column fusion_builder_column fusion-builder-column-0 fusion_builder_column_1_1 1_1 fusion-flex-column\"><div class=\"fusion-column-wrapper fusion-flex-justify-content-flex-start fusion-content-layout-column\" style=\"background-position:left top;background-repeat:no-repeat;-webkit-background-size:cover;-moz-background-size:cover;-o-background-size:cover;background-size:cover;padding: 0px 0px 0px 0px;\"><style type=\"text\/css\">@media only screen and (max-width:1024px) {.fusion-title.fusion-title-1{margin-top:10px!important; margin-right:!important;margin-bottom:15px!important;margin-left:!important;}}@media only screen and (max-width:640px) {.fusion-title.fusion-title-1{margin-top:10px!important; margin-right:!important;margin-bottom:10px!important; margin-left:!important;}}<\/style><div class=\"fusion-title title fusion-title-1 fusion-sep-none fusion-title-center fusion-title-text fusion-title-size-one\" style=\"margin-top:10px;margin-bottom:15px;\"><h1 class=\"title-heading-center fusion-responsive-typography-calculated\" style=\"margin:0;--fontSize:40;line-height:1.16;\">Beneficios<\/h1><\/div><div class=\"fusion-separator\" style=\"align-self: center;margin-left: auto;margin-right: auto;margin-bottom:30px;width:100%;max-width:115px;\"><div class=\"fusion-separator-border sep-single sep-solid\" style=\"border-color:#8ca1b2;border-top-width:2px;\"><\/div><\/div><\/div><style type=\"text\/css\">.fusion-body .fusion-builder-column-0{width:100% !important;margin-top : 0px;margin-bottom : 0px;}.fusion-builder-column-0 > .fusion-column-wrapper {padding-top : 0px !important;padding-right : 0px !important;margin-right : 1.92%;padding-bottom : 0px !important;padding-left : 0px !important;margin-left : 1.92%;}@media only screen and (max-width:1024px) {.fusion-body .fusion-builder-column-0{width:100% !important;order : 0;}.fusion-builder-column-0 > .fusion-column-wrapper {margin-right : 1.92%;margin-left : 1.92%;}}@media only screen and (max-width:640px) {.fusion-body .fusion-builder-column-0{width:100% !important;order : 0;}.fusion-builder-column-0 > .fusion-column-wrapper {margin-right : 1.92%;margin-left : 1.92%;}}<\/style><\/div><\/div><style type=\"text\/css\">.fusion-body .fusion-flex-container.fusion-builder-row-1{ padding-top : 0px;margin-top : 0px;padding-right : 0px;padding-bottom : 0px;margin-bottom : 0px;padding-left : 0px;}<\/style><\/div><div class=\"fusion-fullwidth fullwidth-box fusion-builder-row-2 fusion-flex-container nonhundred-percent-fullwidth non-hundred-percent-height-scrolling\" style=\"background-color: rgba(255,255,255,0);background-position: center center;background-repeat: no-repeat;border-width: 0px 0px 0px 0px;border-color:#e2e2e2;border-style:solid;\" ><div class=\"fusion-builder-row fusion-row fusion-flex-align-items-flex-start\" style=\"max-width:1185.6px;margin-left: calc(-4% \/ 2 );margin-right: calc(-4% \/ 2 );\"><div class=\"fusion-layout-column fusion_builder_column fusion-builder-column-1 fusion_builder_column_1_1 1_1 fusion-flex-column\"><div class=\"fusion-column-wrapper fusion-flex-justify-content-flex-start fusion-content-layout-column\" style=\"background-position:left top;background-repeat:no-repeat;-webkit-background-size:cover;-moz-background-size:cover;-o-background-size:cover;background-size:cover;padding: 0px 0px 0px 0px;\"><div class=\"fusion-text fusion-text-1 fusion-text-no-margin\" style=\"margin-bottom:0px;\"><p>Colpofix\u00ae es un spray eficaz para la prevenci\u00f3n y el tratamiento de las lesiones cervicales causadas por el VPH. Gracias a sus componentes activos, el policarb\u00f3filo y el carboximetil-betaglucano, forma una pel\u00edcula protectora sobre la mucosa vaginal que contribuye a la:<\/p>\n<\/div><div class=\"fusion-separator fusion-has-icon fusion-full-width-sep\" style=\"align-self: center;margin-left: auto;margin-right: auto;margin-top:0px;margin-bottom:0px;width:100%;\"><div class=\"fusion-separator-border sep-single sep-solid\" style=\"border-color:#945c8d;border-top-width:1px;\"><\/div><span class=\"icon-wrapper\" style=\"border-color:transparent;font-size:40px;width: 1.75em; height: 1.75em;border-width:1px;padding:1px;margin-top:-0.5px\"><i class=\"fa-caret-down fas\" style=\"font-size: inherit;color:#945c8d;\" aria-hidden=\"true\"><\/i><\/span><div class=\"fusion-separator-border sep-single sep-solid\" style=\"border-color:#945c8d;border-top-width:1px;\"><\/div><\/div><style type=\"text\/css\">@media only screen and (max-width:1024px) {.fusion-title.fusion-title-2{margin-top:0px!important; margin-right:!important;margin-bottom:15px!important;margin-left:!important;}}@media only screen and (max-width:640px) {.fusion-title.fusion-title-2{margin-top:10px!important; margin-right:!important;margin-bottom:10px!important; margin-left:!important;}}<\/style><div class=\"fusion-title title fusion-title-2 fusion-sep-none fusion-title-center fusion-title-text fusion-title-size-two\" style=\"margin-top:0px;margin-bottom:15px;\"><h2 class=\"title-heading-center fusion-responsive-typography-calculated\" style=\"margin:0;--fontSize:27;line-height:1.2;\"><p style=\"text-align: center\">REGRESI\u00d3N DE LAS LESIONES CERVICALES<\/p><\/h2><\/div><\/div><style type=\"text\/css\">.fusion-body .fusion-builder-column-1{width:100% !important;margin-top : 0px;margin-bottom : 0px;}.fusion-builder-column-1 > .fusion-column-wrapper {padding-top : 0px !important;padding-right : 0px !important;margin-right : 1.92%;padding-bottom : 0px !important;padding-left : 0px !important;margin-left : 1.92%;}@media only screen and (max-width:1024px) {.fusion-body .fusion-builder-column-1{width:100% !important;order : 0;}.fusion-builder-column-1 > .fusion-column-wrapper {margin-right : 1.92%;margin-left : 1.92%;}}@media only screen and (max-width:640px) {.fusion-body .fusion-builder-column-1{width:100% !important;order : 0;}.fusion-builder-column-1 > .fusion-column-wrapper {margin-right : 1.92%;margin-left : 1.92%;}}<\/style><\/div><\/div><style type=\"text\/css\">.fusion-body .fusion-flex-container.fusion-builder-row-2{ padding-top : 0px;margin-top : 0px;padding-right : 0px;padding-bottom : 0px;margin-bottom : 0px;padding-left : 0px;}<\/style><\/div><div class=\"fusion-fullwidth fullwidth-box fusion-builder-row-3 fusion-flex-container nonhundred-percent-fullwidth non-hundred-percent-height-scrolling\" style=\"background-color: rgba(255,255,255,0);background-position: center center;background-repeat: no-repeat;border-width: 0px 0px 0px 0px;border-color:#e2e2e2;border-style:solid;\" ><div class=\"fusion-builder-row fusion-row fusion-flex-align-items-flex-start\" style=\"max-width:1185.6px;margin-left: calc(-4% \/ 2 );margin-right: calc(-4% \/ 2 );\"><div class=\"fusion-layout-column fusion_builder_column fusion-builder-column-2 fusion_builder_column_1_1 1_1 fusion-flex-column\"><div class=\"fusion-column-wrapper fusion-flex-justify-content-flex-start fusion-content-layout-column\" style=\"background-position:left top;background-repeat:no-repeat;-webkit-background-size:cover;-moz-background-size:cover;-o-background-size:cover;background-size:cover;padding: 0px 0px 0px 0px;\"><div class=\"fusion-text fusion-text-2\"><p>Un estudio<sup>4<\/sup> en el que participaron 999 mujeres demostr\u00f3 que, en tan solo 6 meses, el tratamiento con Colpofix\u00ae <span style=\"color: #945c8d\"><b>ayuda a la reepitelizaci\u00f3n y la regresi\u00f3n<\/b><\/span> de las lesiones cervicales de bajo grado en el 95,7 % de las mujeres.<\/p>\n<\/div><\/div><style type=\"text\/css\">.fusion-body .fusion-builder-column-2{width:100% !important;margin-top : 0px;margin-bottom : 0px;}.fusion-builder-column-2 > .fusion-column-wrapper {padding-top : 0px !important;padding-right : 0px !important;margin-right : 1.92%;padding-bottom : 0px !important;padding-left : 0px !important;margin-left : 1.92%;}@media only screen and (max-width:1024px) {.fusion-body .fusion-builder-column-2{width:100% !important;order : 0;}.fusion-builder-column-2 > .fusion-column-wrapper {margin-right : 1.92%;margin-left : 1.92%;}}@media only screen and (max-width:640px) {.fusion-body .fusion-builder-column-2{width:100% !important;order : 0;}.fusion-builder-column-2 > .fusion-column-wrapper {margin-right : 1.92%;margin-left : 1.92%;}}<\/style><\/div><div class=\"fusion-layout-column fusion_builder_column fusion-builder-column-3 fusion_builder_column_1_1 1_1 fusion-flex-column\"><div class=\"fusion-column-wrapper fusion-flex-justify-content-flex-start fusion-content-layout-column\" style=\"background-position:left top;background-repeat:no-repeat;-webkit-background-size:cover;-moz-background-size:cover;-o-background-size:cover;background-size:cover;background-color:#eed6ee;border-width: 1px 1px 1px 1px;border-color:#87a2b3;border-style:solid;padding: 15px 15px 15px 15px;\"><div class=\"fusion-text fusion-text-3 fusion-text-no-margin\" style=\"margin-bottom:0px;\"><p style=\"text-align: center\">Recuerda: Las lesiones m\u00e1s  habituales causadas por el VPH son la lesiones de bajo grado.  Dependiendo de factores como el tipo de virus causante de la infecci\u00f3n, la persistencia en el tiempo y el h\u00e1bito tab\u00e1quico pueden evolucionar a lesiones de alto grado o precancerosas. Por eso es fundamental detectar las lesiones cervicales lo antes posible.<\/p>\n<\/div><\/div><style type=\"text\/css\">.fusion-body .fusion-builder-column-3{width:100% !important;margin-top : 0px;margin-bottom : 20px;}.fusion-builder-column-3 > .fusion-column-wrapper {padding-top : 15px !important;padding-right : 15px !important;margin-right : 1.92%;padding-bottom : 15px !important;padding-left : 15px !important;margin-left : 1.92%;}@media only screen and (max-width:1024px) {.fusion-body .fusion-builder-column-3{width:100% !important;order : 0;}.fusion-builder-column-3 > .fusion-column-wrapper {margin-right : 1.92%;margin-left : 1.92%;}}@media only screen and (max-width:640px) {.fusion-body .fusion-builder-column-3{width:100% !important;order : 0;}.fusion-builder-column-3 > .fusion-column-wrapper {margin-right : 1.92%;margin-left : 1.92%;}}<\/style><\/div><\/div><style type=\"text\/css\">.fusion-body .fusion-flex-container.fusion-builder-row-3{ padding-top : 0px;margin-top : 0px;padding-right : 0px;padding-bottom : 0px;margin-bottom : 0px;padding-left : 0px;}<\/style><\/div><div class=\"fusion-fullwidth fullwidth-box fusion-builder-row-4 fusion-flex-container nonhundred-percent-fullwidth non-hundred-percent-height-scrolling\" style=\"background-color: rgba(255,255,255,0);background-position: center center;background-repeat: no-repeat;border-width: 0px 0px 0px 0px;border-color:#e2e2e2;border-style:solid;\" ><div class=\"fusion-builder-row fusion-row fusion-flex-align-items-flex-start\" style=\"max-width:1185.6px;margin-left: calc(-4% \/ 2 );margin-right: calc(-4% \/ 2 );\"><div class=\"fusion-layout-column fusion_builder_column fusion-builder-column-4 fusion_builder_column_1_1 1_1 fusion-flex-column\"><div class=\"fusion-column-wrapper fusion-flex-justify-content-flex-start fusion-content-layout-column\" style=\"background-position:left top;background-repeat:no-repeat;-webkit-background-size:cover;-moz-background-size:cover;-o-background-size:cover;background-size:cover;padding: 0px 0px 0px 0px;\"><div style=\"text-align:center;\"><span class=\" fusion-imageframe imageframe-none imageframe-1 hover-type-none\"><img width=\"952\" height=\"416\" alt=\"Colpofix\u00ae - Beneficios - Regresi\u00f3n de las lesiones cervicales\" title=\"Colpofix\u00ae &#8211; Beneficios &#8211; Regresi\u00f3n de las lesiones cervicales\" src=\"https:\/\/storage.googleapis.com\/statics-pro-colpofix-uriach-web\/sites\/2\/2021\/08\/Colpofix-Regression-Cervical-Lessions.png\" class=\"img-responsive wp-image-962\" srcset=\"https:\/\/storage.googleapis.com\/statics-pro-colpofix-uriach-web\/sites\/2\/2021\/08\/Colpofix-Regression-Cervical-Lessions-200x87.png 200w, https:\/\/storage.googleapis.com\/statics-pro-colpofix-uriach-web\/sites\/2\/2021\/08\/Colpofix-Regression-Cervical-Lessions-400x175.png 400w, https:\/\/storage.googleapis.com\/statics-pro-colpofix-uriach-web\/sites\/2\/2021\/08\/Colpofix-Regression-Cervical-Lessions-600x262.png 600w, https:\/\/storage.googleapis.com\/statics-pro-colpofix-uriach-web\/sites\/2\/2021\/08\/Colpofix-Regression-Cervical-Lessions-800x350.png 800w, https:\/\/storage.googleapis.com\/statics-pro-colpofix-uriach-web\/sites\/2\/2021\/08\/Colpofix-Regression-Cervical-Lessions.png 952w\" sizes=\"(max-width: 640px) 100vw, 952px\" \/><\/span><\/div><div class=\"fusion-text fusion-text-4 fusion-text-no-margin bibliography font-weight-normal\" style=\"margin-top:20px;margin-bottom:0px;\"><p>4. Stentella, P. et al. Efficacy of carboxymethyl beta-glucan in cervical intraepithelial neoplasia: A retrospective, case-control study. Minerva Ginecol. (2017). doi:10.23736\/S0026-4784.17.04053-9<\/p>\n<\/div><\/div><style type=\"text\/css\">.fusion-body .fusion-builder-column-4{width:100% !important;margin-top : 0px;margin-bottom : 20px;}.fusion-builder-column-4 > .fusion-column-wrapper {padding-top : 0px !important;padding-right : 0px !important;margin-right : 1.92%;padding-bottom : 0px !important;padding-left : 0px !important;margin-left : 1.92%;}@media only screen and (max-width:1024px) {.fusion-body .fusion-builder-column-4{width:100% !important;order : 0;}.fusion-builder-column-4 > .fusion-column-wrapper {margin-right : 1.92%;margin-left : 1.92%;}}@media only screen and (max-width:640px) {.fusion-body .fusion-builder-column-4{width:100% !important;order : 0;}.fusion-builder-column-4 > .fusion-column-wrapper {margin-right : 1.92%;margin-left : 1.92%;}}<\/style><\/div><\/div><style type=\"text\/css\">.fusion-body .fusion-flex-container.fusion-builder-row-4{ padding-top : 0px;margin-top : 0px;padding-right : 0px;padding-bottom : 0px;margin-bottom : 0px;padding-left : 0px;}<\/style><\/div><div class=\"fusion-fullwidth fullwidth-box fusion-builder-row-5 fusion-flex-container nonhundred-percent-fullwidth non-hundred-percent-height-scrolling\" style=\"background-color: rgba(255,255,255,0);background-position: center center;background-repeat: no-repeat;border-width: 0px 0px 0px 0px;border-color:#e2e2e2;border-style:solid;\" ><div class=\"fusion-builder-row fusion-row fusion-flex-align-items-flex-start\" style=\"max-width:1185.6px;margin-left: calc(-4% \/ 2 );margin-right: calc(-4% \/ 2 );\"><div class=\"fusion-layout-column fusion_builder_column fusion-builder-column-5 fusion_builder_column_1_1 1_1 fusion-flex-column\"><div class=\"fusion-column-wrapper fusion-flex-justify-content-flex-start fusion-content-layout-column\" style=\"background-position:left top;background-repeat:no-repeat;-webkit-background-size:cover;-moz-background-size:cover;-o-background-size:cover;background-size:cover;padding: 0px 0px 0px 0px;\"><div class=\"fusion-separator fusion-has-icon fusion-full-width-sep\" style=\"align-self: center;margin-left: auto;margin-right: auto;margin-top:0px;margin-bottom:0px;width:100%;\"><div class=\"fusion-separator-border sep-single sep-solid\" style=\"border-color:#945c8d;border-top-width:1px;\"><\/div><span class=\"icon-wrapper\" style=\"border-color:transparent;font-size:40px;width: 1.75em; height: 1.75em;border-width:1px;padding:1px;margin-top:-0.5px\"><i class=\"fa-caret-down fas\" style=\"font-size: inherit;color:#945c8d;\" aria-hidden=\"true\"><\/i><\/span><div class=\"fusion-separator-border sep-single sep-solid\" style=\"border-color:#945c8d;border-top-width:1px;\"><\/div><\/div><\/div><style type=\"text\/css\">.fusion-body .fusion-builder-column-5{width:100% !important;margin-top : 0px;margin-bottom : 20px;}.fusion-builder-column-5 > .fusion-column-wrapper {padding-top : 0px !important;padding-right : 0px !important;margin-right : 1.92%;padding-bottom : 0px !important;padding-left : 0px !important;margin-left : 1.92%;}@media only screen and (max-width:1024px) {.fusion-body .fusion-builder-column-5{width:100% !important;order : 0;}.fusion-builder-column-5 > .fusion-column-wrapper {margin-right : 1.92%;margin-left : 1.92%;}}@media only screen and (max-width:640px) {.fusion-body .fusion-builder-column-5{width:100% !important;order : 0;}.fusion-builder-column-5 > .fusion-column-wrapper {margin-right : 1.92%;margin-left : 1.92%;}}<\/style><\/div><\/div><style type=\"text\/css\">.fusion-body .fusion-flex-container.fusion-builder-row-5{ padding-top : 0px;margin-top : 0px;padding-right : 0px;padding-bottom : 0px;margin-bottom : 0px;padding-left : 0px;}<\/style><\/div><div class=\"fusion-fullwidth fullwidth-box fusion-builder-row-6 fusion-flex-container nonhundred-percent-fullwidth non-hundred-percent-height-scrolling\" style=\"background-color: rgba(255,255,255,0);background-position: center center;background-repeat: no-repeat;border-width: 0px 0px 0px 0px;border-color:#e2e2e2;border-style:solid;\" ><div class=\"fusion-builder-row fusion-row fusion-flex-align-items-stretch\" style=\"max-width:1185.6px;margin-left: calc(-4% \/ 2 );margin-right: calc(-4% \/ 2 );\"><div class=\"fusion-layout-column fusion_builder_column fusion-builder-column-6 fusion_builder_column_1_2 1_2 fusion-flex-column\"><div class=\"fusion-column-wrapper fusion-flex-justify-content-flex-start fusion-content-layout-column\" style=\"background-position:left top;background-repeat:no-repeat;-webkit-background-size:cover;-moz-background-size:cover;-o-background-size:cover;background-size:cover;background-color:#f9f9fb;border-width: 1px 1px 1px 1px;border-color:#87a2b3;border-style:solid;padding: 15px 15px 15px 15px;\"><div class=\"fusion-text fusion-text-5\"><h2 style=\"text-align: center\">ACTIVIDAD PROTECTORA<\/h2>\n<\/div><div style=\"text-align:center;\"><span class=\" fusion-imageframe imageframe-none imageframe-2 hover-type-none\" style=\"border:3px solid #945c8d;border-radius:50%;\"><img width=\"300\" height=\"300\" alt=\"Colpofix\u00ae - Beneficios - Actividad protectora\" title=\"Colpofix\u00ae &#8211; Beneficios &#8211; Actividad protectora\" src=\"https:\/\/storage.googleapis.com\/statics-pro-colpofix-uriach-web\/sites\/2\/2021\/09\/Protective_Activity-300x300.jpg\" class=\"img-responsive wp-image-1062\" srcset=\"https:\/\/storage.googleapis.com\/statics-pro-colpofix-uriach-web\/sites\/2\/2021\/09\/Protective_Activity-200x200.jpg 200w, https:\/\/storage.googleapis.com\/statics-pro-colpofix-uriach-web\/sites\/2\/2021\/09\/Protective_Activity-400x400.jpg 400w, https:\/\/storage.googleapis.com\/statics-pro-colpofix-uriach-web\/sites\/2\/2021\/09\/Protective_Activity-600x600.jpg 600w, https:\/\/storage.googleapis.com\/statics-pro-colpofix-uriach-web\/sites\/2\/2021\/09\/Protective_Activity-800x800.jpg 800w, https:\/\/storage.googleapis.com\/statics-pro-colpofix-uriach-web\/sites\/2\/2021\/09\/Protective_Activity.jpg 1024w\" sizes=\"(max-width: 640px) 100vw, 600px\" \/><\/span><\/div><div class=\"fusion-text fusion-text-6\" style=\"margin-top:20px;\"><p>Colpofix<sup>\u00ae<\/sup> forma una pel\u00edcula que <span style=\"color: #945c8d\"><b>protege <\/b> <b>la zona afectada <\/b><\/span>de la mucosa c\u00e9rvico-vaginal de la<span style=\"color: #945c8d\"><b> acci\u00f3n perjudicial <\/b><\/span>de los agentes externos.<\/p>\n<\/div><\/div><style type=\"text\/css\">.fusion-body .fusion-builder-column-6{width:50% !important;margin-top : 0px;margin-bottom : 20px;}.fusion-builder-column-6 > .fusion-column-wrapper {padding-top : 15px !important;padding-right : 15px !important;margin-right : 3.84%;padding-bottom : 15px !important;padding-left : 15px !important;margin-left : 3.84%;}@media only screen and (max-width:1024px) {.fusion-body .fusion-builder-column-6{width:50% !important;order : 0;}.fusion-builder-column-6 > .fusion-column-wrapper {margin-right : 3.84%;margin-left : 3.84%;}}@media only screen and (max-width:640px) {.fusion-body .fusion-builder-column-6{width:100% !important;order : 0;}.fusion-builder-column-6 > .fusion-column-wrapper {margin-right : 1.92%;margin-left : 1.92%;}}<\/style><\/div><div class=\"fusion-layout-column fusion_builder_column fusion-builder-column-7 fusion_builder_column_1_2 1_2 fusion-flex-column\"><div class=\"fusion-column-wrapper fusion-flex-justify-content-flex-start fusion-content-layout-column\" style=\"background-position:left top;background-repeat:no-repeat;-webkit-background-size:cover;-moz-background-size:cover;-o-background-size:cover;background-size:cover;background-color:#f9f9fb;border-width: 1px 1px 1px 1px;border-color:#87a2b3;border-style:solid;padding: 15px 15px 15px 15px;\"><div class=\"fusion-text fusion-text-7\"><h2 style=\"text-align: center\">RESTAURACI\u00d3N Y MANTENIMIENTO DE LA MICROBIOTA VAGINAL<\/h2>\n<\/div><div style=\"text-align:center;\"><span class=\" fusion-imageframe imageframe-none imageframe-3 hover-type-none\" style=\"border:3px solid #945c8d;border-radius:50%;\"><img width=\"300\" height=\"300\" alt=\"Colpofix\u00ae - Beneficios - Restauraci\u00f3n y mantenimiento de la microbiota vaginal\" title=\"Colpofix\u00ae &#8211; Beneficios &#8211; Restauraci\u00f3n y mantenimiento de la microbiota vaginal\" src=\"https:\/\/storage.googleapis.com\/statics-pro-colpofix-uriach-web\/sites\/2\/2021\/06\/Benefits-300x300.jpg\" class=\"img-responsive wp-image-527\" srcset=\"https:\/\/storage.googleapis.com\/statics-pro-colpofix-uriach-web\/sites\/2\/2021\/06\/Benefits-200x200.jpg 200w, https:\/\/storage.googleapis.com\/statics-pro-colpofix-uriach-web\/sites\/2\/2021\/06\/Benefits-400x400.jpg 400w, https:\/\/storage.googleapis.com\/statics-pro-colpofix-uriach-web\/sites\/2\/2021\/06\/Benefits-600x600.jpg 600w, https:\/\/storage.googleapis.com\/statics-pro-colpofix-uriach-web\/sites\/2\/2021\/06\/Benefits-800x800.jpg 800w, https:\/\/storage.googleapis.com\/statics-pro-colpofix-uriach-web\/sites\/2\/2021\/06\/Benefits.jpg 1024w\" sizes=\"(max-width: 640px) 100vw, 600px\" \/><\/span><\/div><div class=\"fusion-text fusion-text-8\" style=\"margin-top:20px;\"><p>La infecci\u00f3n por VPH suele estar asociada a un desequilibrio de la microbiota vaginal.<\/p>\n<p>Un estudio<sup>5<\/sup> en el que participaron m\u00e1s de 700 mujeres demostr\u00f3 que Colpofix\u00ae restaura y mantiene una <span style=\"color: #945c8d\"><b>microbiota vaginal sana<\/b>,<\/span> gracias al efecto prebi\u00f3tico y regulador del pH vaginal.<\/p>\n<\/div><\/div><style type=\"text\/css\">.fusion-body .fusion-builder-column-7{width:50% !important;margin-top : 0px;margin-bottom : 20px;}.fusion-builder-column-7 > .fusion-column-wrapper {padding-top : 15px !important;padding-right : 15px !important;margin-right : 3.84%;padding-bottom : 15px !important;padding-left : 15px !important;margin-left : 3.84%;}@media only screen and (max-width:1024px) {.fusion-body .fusion-builder-column-7{width:50% !important;order : 0;}.fusion-builder-column-7 > .fusion-column-wrapper {margin-right : 3.84%;margin-left : 3.84%;}}@media only screen and (max-width:640px) {.fusion-body .fusion-builder-column-7{width:100% !important;order : 0;}.fusion-builder-column-7 > .fusion-column-wrapper {margin-right : 1.92%;margin-left : 1.92%;}}<\/style><\/div><\/div><style type=\"text\/css\">.fusion-body .fusion-flex-container.fusion-builder-row-6{ padding-top : 0px;margin-top : 0px;padding-right : 0px;padding-bottom : 0px;margin-bottom : 0px;padding-left : 0px;}<\/style><\/div><div class=\"fusion-fullwidth fullwidth-box fusion-builder-row-7 fusion-flex-container nonhundred-percent-fullwidth non-hundred-percent-height-scrolling\" style=\"background-color: rgba(255,255,255,0);background-position: center center;background-repeat: no-repeat;border-width: 0px 0px 0px 0px;border-color:#e2e2e2;border-style:solid;\" ><div class=\"fusion-builder-row fusion-row fusion-flex-align-items-flex-start\" style=\"max-width:1185.6px;margin-left: calc(-4% \/ 2 );margin-right: calc(-4% \/ 2 );\"><div class=\"fusion-layout-column fusion_builder_column fusion-builder-column-8 fusion_builder_column_1_1 1_1 fusion-flex-column\"><div class=\"fusion-column-wrapper fusion-flex-justify-content-flex-start fusion-content-layout-column\" style=\"background-position:left top;background-repeat:no-repeat;-webkit-background-size:cover;-moz-background-size:cover;-o-background-size:cover;background-size:cover;padding: 0px 0px 0px 0px;\"><div class=\"fusion-text fusion-text-9 fusion-text-no-margin bibliography font-weight-normal\" style=\"margin-top:20px;margin-bottom:0px;\"><p>5. Lavitola G, Della Corte L, De Rosa N, Nappi C, Bifulco G. Effects on Vaginal Microbiota Restoration and Cervical Epithelialization in Positive HPV Patients Undergoing Vaginal Treatment with Carboxy-Methyl-Beta-Glucan.BioMed Research International. Volume 2020, Article ID 5476389.https:\/\/doi.org\/10.1155\/2020\/5476389.<\/p>\n<\/div><\/div><style type=\"text\/css\">.fusion-body .fusion-builder-column-8{width:100% !important;margin-top : 0px;margin-bottom : 20px;}.fusion-builder-column-8 > .fusion-column-wrapper {padding-top : 0px !important;padding-right : 0px !important;margin-right : 1.92%;padding-bottom : 0px !important;padding-left : 0px !important;margin-left : 1.92%;}@media only screen and (max-width:1024px) {.fusion-body .fusion-builder-column-8{width:100% !important;order : 0;}.fusion-builder-column-8 > .fusion-column-wrapper {margin-right : 1.92%;margin-left : 1.92%;}}@media only screen and (max-width:640px) {.fusion-body .fusion-builder-column-8{width:100% !important;order : 0;}.fusion-builder-column-8 > .fusion-column-wrapper {margin-right : 1.92%;margin-left : 1.92%;}}<\/style><\/div><\/div><style type=\"text\/css\">.fusion-body .fusion-flex-container.fusion-builder-row-7{ padding-top : 0px;margin-top : 0px;padding-right : 0px;padding-bottom : 0px;margin-bottom : 0px;padding-left : 0px;}<\/style><\/div><\/p>\n","protected":false},"excerpt":{"rendered":"","protected":false},"author":1,"featured_media":0,"parent":0,"menu_order":0,"comment_status":"closed","ping_status":"closed","template":"","meta":[],"_links":{"self":[{"href":"https:\/\/www.colpofix.com\/es\/wp-json\/wp\/v2\/pages\/178"}],"collection":[{"href":"https:\/\/www.colpofix.com\/es\/wp-json\/wp\/v2\/pages"}],"about":[{"href":"https:\/\/www.colpofix.com\/es\/wp-json\/wp\/v2\/types\/page"}],"author":[{"embeddable":true,"href":"https:\/\/www.colpofix.com\/es\/wp-json\/wp\/v2\/users\/1"}],"replies":[{"embeddable":true,"href":"https:\/\/www.colpofix.com\/es\/wp-json\/wp\/v2\/comments?post=178"}],"version-history":[{"count":3,"href":"https:\/\/www.colpofix.com\/es\/wp-json\/wp\/v2\/pages\/178\/revisions"}],"predecessor-version":[{"id":1970,"href":"https:\/\/www.colpofix.com\/es\/wp-json\/wp\/v2\/pages\/178\/revisions\/1970"}],"wp:attachment":[{"href":"https:\/\/www.colpofix.com\/es\/wp-json\/wp\/v2\/media?parent=178"}],"curies":[{"name":"wp","href":"https:\/\/api.w.org\/{rel}","templated":true}]}}