{"id":192,"date":"2021-04-26T10:00:37","date_gmt":"2021-04-26T08:00:37","guid":{"rendered":"http:\/\/localhost\/Colpofix_Multisite_Test\/?page_id=192"},"modified":"2021-04-26T10:00:37","modified_gmt":"2021-04-26T08:00:37","slug":"vph-faq","status":"publish","type":"page","link":"https:\/\/www.colpofix.com\/es\/vph-faq\/","title":{"rendered":"SOBRE VPH"},"content":{"rendered":"<div class=\"fusion-fullwidth fullwidth-box fusion-builder-row-1 fusion-flex-container nonhundred-percent-fullwidth non-hundred-percent-height-scrolling\" style=\"background-color: rgba(255,255,255,0);background-position: left top;background-repeat: no-repeat;border-width: 0px 0px 0px 0px;border-color:#e2e2e2;border-style:solid;\" ><div class=\"fusion-builder-row fusion-row fusion-flex-align-items-flex-start\" style=\"max-width:1185.6px;margin-left: calc(-4% \/ 2 );margin-right: calc(-4% \/ 2 );\"><div class=\"fusion-layout-column fusion_builder_column fusion-builder-column-0 fusion_builder_column_1_1 1_1 fusion-flex-column\"><div class=\"fusion-column-wrapper fusion-flex-justify-content-flex-start fusion-content-layout-column\" style=\"background-position:left top;background-repeat:no-repeat;-webkit-background-size:cover;-moz-background-size:cover;-o-background-size:cover;background-size:cover;padding: 0px 0px 0px 0px;\"><style type=\"text\/css\">@media only screen and (max-width:1024px) {.fusion-title.fusion-title-1{margin-top:10px!important; margin-right:!important;margin-bottom:15px!important;margin-left:!important;}}@media only screen and (max-width:640px) {.fusion-title.fusion-title-1{margin-top:10px!important; margin-right:!important;margin-bottom:10px!important; margin-left:!important;}}<\/style><div class=\"fusion-title title fusion-title-1 fusion-sep-none fusion-title-center fusion-title-text fusion-title-size-one\" style=\"margin-top:10px;margin-bottom:15px;\"><h1 class=\"title-heading-center fusion-responsive-typography-calculated\" style=\"margin:0;--fontSize:40;line-height:1.16;\">SOBRE VPH<\/h1><\/div><div class=\"fusion-separator\" style=\"align-self: center;margin-left: auto;margin-right: auto;margin-bottom:30px;width:100%;max-width:115px;\"><div class=\"fusion-separator-border sep-single sep-solid\" style=\"border-color:#8ca1b2;border-top-width:2px;\"><\/div><\/div><style type=\"text\/css\">.fusion-accordian #accordian-1 .panel-title a .fa-fusion-box:before{ font-size: 16px;}.fusion-accordian #accordian-1 .panel-title a .fa-fusion-box{ color: #ffffff;}.fusion-accordian #accordian-1 .fa-fusion-box { background-color: #7c99ab;border-color: #7c99ab;}.fusion-accordian #accordian-1 .panel-title a:hover,.fusion-accordian #accordian-1 .panel-title a.hover { color: #945c8d;}.fusion-faq-shortcode .fusion-accordian #accordian-1 .fusion-toggle-boxed-mode:hover .panel-title a { color: #945c8d;}.fusion-accordian #accordian-1 .panel-title .active .fa-fusion-box,.fusion-accordian #accordian-1 .panel-title a:hover .fa-fusion-box,.fusion-accordian #accordian-1 .panel-title a.hover .fa-fusion-box { background-color: #945c8d!important;border-color: #945c8d!important;}<\/style><div class=\"fusion-faq-shortcode\"><div class=\"fusion-faqs-wrapper\"><div class=\"accordian fusion-accordian\"><div class=\"panel-group \" id=\"accordian-1\"><div class=\"fusion-panel panel-default fusion-faq-post fusion-faq-post-1087 hpv-faq \"><span class=\"entry-title rich-snippet-hidden\">EN CASO DE INFECCI\u00d3N POR EL VPH, \u00bfQU\u00c9 PROBABILIDADES TENGO DE DESARROLLAR LESIONES EN EL CUELLO DEL \u00daTERO?<\/span><span class=\"vcard rich-snippet-hidden\"><span class=\"fn\"><a href=\"https:\/\/www.colpofix.com\/es\/author\/wpa_cpx\/\" title=\"Entradas de Colpofix\" rel=\"author\">Colpofix<\/a><\/span><\/span><span class=\"updated rich-snippet-hidden\">2021-09-17T14:21:17+02:00<\/span><div class=\"panel-heading\"><h4 class=\"panel-title toggle\"><a data-toggle=\"collapse\" class=\"collapsed\" data-target=\"#collapse-1-1087\" href=\"#collapse-1-1087\"><div class=\"fusion-toggle-icon-wrapper\"><div class=\"fusion-toggle-icon-wrapper-main\"><div class=\"fusion-toggle-icon-wrapper-sub\"><i class=\"fa-fusion-box\" aria-hidden=\"true\"><\/i><\/div><\/div><\/div><div class=\"fusion-toggle-heading\">EN CASO DE INFECCI\u00d3N POR EL VPH, \u00bfQU\u00c9 PROBABILIDADES TENGO DE DESARROLLAR LESIONES EN EL CUELLO DEL \u00daTERO?<\/div><\/a><\/h4><\/div><div id=\"collapse-1-1087\" class=\"panel-collapse collapse\"><div class=\"panel-body toggle-content post-content\"><p>Se estima que <strong>entre el 10-15 % de las mujeres infectadas pueden padecer infecciones persistentes y lesiones cervicales<\/strong> que en algunos casos, podr\u00eda llegar a desarrollar c\u00e1ncer de cuello de \u00fatero.<\/p>\n<\/div><\/div><\/div><div class=\"fusion-panel panel-default fusion-faq-post fusion-faq-post-1089 hpv-faq \"><span class=\"entry-title rich-snippet-hidden\">\u00bfC\u00d3MO SE CONTRAE EL VPH?<\/span><span class=\"vcard rich-snippet-hidden\"><span class=\"fn\"><a href=\"https:\/\/www.colpofix.com\/es\/author\/wpa_cpx\/\" title=\"Entradas de Colpofix\" rel=\"author\">Colpofix<\/a><\/span><\/span><span class=\"updated rich-snippet-hidden\">2021-09-17T14:21:47+02:00<\/span><div class=\"panel-heading\"><h4 class=\"panel-title toggle\"><a data-toggle=\"collapse\" class=\"collapsed\" data-target=\"#collapse-1-1089\" href=\"#collapse-1-1089\"><div class=\"fusion-toggle-icon-wrapper\"><div class=\"fusion-toggle-icon-wrapper-main\"><div class=\"fusion-toggle-icon-wrapper-sub\"><i class=\"fa-fusion-box\" aria-hidden=\"true\"><\/i><\/div><\/div><\/div><div class=\"fusion-toggle-heading\">\u00bfC\u00d3MO SE CONTRAE EL VPH?<\/div><\/a><\/h4><\/div><div id=\"collapse-1-1089\" class=\"panel-collapse collapse\"><div class=\"panel-body toggle-content post-content\"><p>El VPH puede contraerse al mantener relaciones sexuales <b>orales, vaginales o anales <\/b>con una persona que tenga el virus, incluso si la persona infectada no muestra signos o s\u00edntomas.<\/p>\n<p>Aproximadamente el <strong>80 % de las mujeres y los hombres sexualmente activos contraen el VPH en alg\u00fan momento de su vida<\/strong>, pero al ser asintom\u00e1tico, la mayor\u00eda no sabe que ha contra\u00eddo la infecci\u00f3n.<\/p>\n<p>Toda la poblaci\u00f3n sexualmente activa puede contraer el VPH, incluso si solo mantiene relaciones sexuales con una sola pareja. Adem\u00e1s, los s\u00edntomas pueden tardar tiempo en aparecer despu\u00e9s de la infecci\u00f3n, por lo que no hay forma de saber de qu\u00e9 pareja procede la infecci\u00f3n ni cu\u00e1nto tiempo hace que se produjo.<\/p>\n<\/div><\/div><\/div><div class=\"fusion-panel panel-default fusion-faq-post fusion-faq-post-1091 hpv-faq \"><span class=\"entry-title rich-snippet-hidden\">\u00bfEL VPH DESAPARECE?<\/span><span class=\"vcard rich-snippet-hidden\"><span class=\"fn\"><a href=\"https:\/\/www.colpofix.com\/es\/author\/wpa_cpx\/\" title=\"Entradas de Colpofix\" rel=\"author\">Colpofix<\/a><\/span><\/span><span class=\"updated rich-snippet-hidden\">2021-09-17T14:22:14+02:00<\/span><div class=\"panel-heading\"><h4 class=\"panel-title toggle\"><a data-toggle=\"collapse\" class=\"collapsed\" data-target=\"#collapse-1-1091\" href=\"#collapse-1-1091\"><div class=\"fusion-toggle-icon-wrapper\"><div class=\"fusion-toggle-icon-wrapper-main\"><div class=\"fusion-toggle-icon-wrapper-sub\"><i class=\"fa-fusion-box\" aria-hidden=\"true\"><\/i><\/div><\/div><\/div><div class=\"fusion-toggle-heading\">\u00bfEL VPH DESAPARECE?<\/div><\/a><\/h4><\/div><div id=\"collapse-1-1091\" class=\"panel-collapse collapse\"><div class=\"panel-body toggle-content post-content\"><p>El VPH es una infecci\u00f3n com\u00fan que el sistema inmunitario suele eliminar de forma natural. <b>Aproximadamente 9 de cada 10 infecciones por VPH desaparecen por s\u00ed solas en el transcurso de dos a\u00f1os. <\/b><\/p>\n<p>Si no desaparece de forma espont\u00e1nea, puede causar problemas de salud como verrugas genitales o lesiones en el cuello del \u00fatero. Actualmente, <strong>existen tratamientos que ayudan a combatir la infecci\u00f3n y prevenir la progresi\u00f3n de las lesiones cervicales<\/strong> causadas por el VPH.<\/p>\n<\/div><\/div><\/div><div class=\"fusion-panel panel-default fusion-faq-post fusion-faq-post-1093 hpv-faq \"><span class=\"entry-title rich-snippet-hidden\">\u00bfCU\u00c1LES SON LOS S\u00cdNTOMAS?<\/span><span class=\"vcard rich-snippet-hidden\"><span class=\"fn\"><a href=\"https:\/\/www.colpofix.com\/es\/author\/wpa_cpx\/\" title=\"Entradas de Colpofix\" rel=\"author\">Colpofix<\/a><\/span><\/span><span class=\"updated rich-snippet-hidden\">2021-09-17T14:22:42+02:00<\/span><div class=\"panel-heading\"><h4 class=\"panel-title toggle\"><a data-toggle=\"collapse\" class=\"collapsed\" data-target=\"#collapse-1-1093\" href=\"#collapse-1-1093\"><div class=\"fusion-toggle-icon-wrapper\"><div class=\"fusion-toggle-icon-wrapper-main\"><div class=\"fusion-toggle-icon-wrapper-sub\"><i class=\"fa-fusion-box\" aria-hidden=\"true\"><\/i><\/div><\/div><\/div><div class=\"fusion-toggle-heading\">\u00bfCU\u00c1LES SON LOS S\u00cdNTOMAS?<\/div><\/a><\/h4><\/div><div id=\"collapse-1-1093\" class=\"panel-collapse collapse\"><div class=\"panel-body toggle-content post-content\"><p>Tanto la infecci\u00f3n por VPH como las lesiones cervicales <strong>no suelen presentar s\u00edntomas<\/strong>. \u00danicamente pueden detectarse mediante las revisiones m\u00e9dicas rutinarias.<\/p>\n<p>Por este motivo, <strong>es muy importante acudir regularmente al ginec\u00f3logo<\/strong>, quien realizando unas sencillas pruebas, podr\u00e1 detectar la presencia de VPH y de posibles lesiones en el cuello del \u00fatero, para tomar las medidas oportunas.<\/p>\n<\/div><\/div><\/div><div class=\"fusion-panel panel-default fusion-faq-post fusion-faq-post-1095 hpv-faq \"><span class=\"entry-title rich-snippet-hidden\">\u00bfC\u00d3MO SE RELACIONA EL VPH CON EL C\u00c1NCER DE CUELLO UTERINO?<\/span><span class=\"vcard rich-snippet-hidden\"><span class=\"fn\"><a href=\"https:\/\/www.colpofix.com\/es\/author\/wpa_cpx\/\" title=\"Entradas de Colpofix\" rel=\"author\">Colpofix<\/a><\/span><\/span><span class=\"updated rich-snippet-hidden\">2021-09-17T14:23:09+02:00<\/span><div class=\"panel-heading\"><h4 class=\"panel-title toggle\"><a data-toggle=\"collapse\" class=\"collapsed\" data-target=\"#collapse-1-1095\" href=\"#collapse-1-1095\"><div class=\"fusion-toggle-icon-wrapper\"><div class=\"fusion-toggle-icon-wrapper-main\"><div class=\"fusion-toggle-icon-wrapper-sub\"><i class=\"fa-fusion-box\" aria-hidden=\"true\"><\/i><\/div><\/div><\/div><div class=\"fusion-toggle-heading\">\u00bfC\u00d3MO SE RELACIONA EL VPH CON EL C\u00c1NCER DE CUELLO UTERINO?<\/div><\/a><\/h4><\/div><div id=\"collapse-1-1095\" class=\"panel-collapse collapse\"><div class=\"panel-body toggle-content post-content\"><p>Alrededor del 10 % de las mujeres infectadas por ciertos tipos de VPH de alto riesgo no eliminar\u00e1n la infecci\u00f3n de forma natural por s\u00ed mismas, y desarrollar\u00e1n infecciones persistentes a lo largo del tiempo. Esta <strong>persistencia del VPH es la principal causa del desarrollo de lesiones en el cuello del \u00fatero<\/strong> que pueden derivar en un c\u00e1ncer de cuello uterino.<\/p>\n<p>Recuerde que estas lesiones en el cuello uterino son asintom\u00e1ticas y no pueden palparse. La \u00fanica forma de detectarlas es acudiendo al ginec\u00f3logo, que realizar\u00e1 unas sencillas pruebas para comprobar la presencia de lesiones, realizar el seguimiento y decidir el tratamiento.<\/p>\n<\/div><\/div><\/div><div class=\"fusion-panel panel-default fusion-faq-post fusion-faq-post-1097 hpv-faq \"><span class=\"entry-title rich-snippet-hidden\">\u00bfEL VPH AFECTA A MI FERTILIDAD?<\/span><span class=\"vcard rich-snippet-hidden\"><span class=\"fn\"><a href=\"https:\/\/www.colpofix.com\/es\/author\/wpa_cpx\/\" title=\"Entradas de Colpofix\" rel=\"author\">Colpofix<\/a><\/span><\/span><span class=\"updated rich-snippet-hidden\">2021-09-17T14:23:37+02:00<\/span><div class=\"panel-heading\"><h4 class=\"panel-title toggle\"><a data-toggle=\"collapse\" class=\"collapsed\" data-target=\"#collapse-1-1097\" href=\"#collapse-1-1097\"><div class=\"fusion-toggle-icon-wrapper\"><div class=\"fusion-toggle-icon-wrapper-main\"><div class=\"fusion-toggle-icon-wrapper-sub\"><i class=\"fa-fusion-box\" aria-hidden=\"true\"><\/i><\/div><\/div><\/div><div class=\"fusion-toggle-heading\">\u00bfEL VPH AFECTA A MI FERTILIDAD?<\/div><\/a><\/h4><\/div><div id=\"collapse-1-1097\" class=\"panel-collapse collapse\"><div class=\"panel-body toggle-content post-content\"><p><strong>La infecci\u00f3n por VPH no afecta a la fertilidad<\/strong>. Su capacidad reproductiva no se ver\u00e1 disminuida.<\/p>\n<\/div><\/div><\/div><div class=\"fusion-panel panel-default fusion-faq-post fusion-faq-post-1099 hpv-faq \"><span class=\"entry-title rich-snippet-hidden\">ESTOY EMBARAZADA. \u00bfAFECTAR\u00c1 LA INFECCI\u00d3N POR VPH A MI HIJO?<\/span><span class=\"vcard rich-snippet-hidden\"><span class=\"fn\"><a href=\"https:\/\/www.colpofix.com\/es\/author\/wpa_cpx\/\" title=\"Entradas de Colpofix\" rel=\"author\">Colpofix<\/a><\/span><\/span><span class=\"updated rich-snippet-hidden\">2021-09-17T14:24:05+02:00<\/span><div class=\"panel-heading\"><h4 class=\"panel-title toggle\"><a data-toggle=\"collapse\" class=\"collapsed\" data-target=\"#collapse-1-1099\" href=\"#collapse-1-1099\"><div class=\"fusion-toggle-icon-wrapper\"><div class=\"fusion-toggle-icon-wrapper-main\"><div class=\"fusion-toggle-icon-wrapper-sub\"><i class=\"fa-fusion-box\" aria-hidden=\"true\"><\/i><\/div><\/div><\/div><div class=\"fusion-toggle-heading\">ESTOY EMBARAZADA. \u00bfAFECTAR\u00c1 LA INFECCI\u00d3N POR VPH A MI HIJO?<\/div><\/a><\/h4><\/div><div id=\"collapse-1-1099\" class=\"panel-collapse collapse\"><div class=\"panel-body toggle-content post-content\"><p><strong>La infecci\u00f3n por VPH no tiene ninguna consecuencia para el feto<\/strong>. En algunos casos, si una mujer desarrolla verrugas genitales en el canal del parto, lo que es extremadamente inusual, puede transmitir el virus al beb\u00e9.<\/p>\n<\/div><\/div><\/div><div class=\"fusion-panel panel-default fusion-faq-post fusion-faq-post-1101 hpv-faq \"><span class=\"entry-title rich-snippet-hidden\">\u00bfPUEDEN LOS HOMBRES INFECTARSE POR VPH?<\/span><span class=\"vcard rich-snippet-hidden\"><span class=\"fn\"><a href=\"https:\/\/www.colpofix.com\/es\/author\/wpa_cpx\/\" title=\"Entradas de Colpofix\" rel=\"author\">Colpofix<\/a><\/span><\/span><span class=\"updated rich-snippet-hidden\">2021-09-17T14:24:32+02:00<\/span><div class=\"panel-heading\"><h4 class=\"panel-title toggle\"><a data-toggle=\"collapse\" class=\"collapsed\" data-target=\"#collapse-1-1101\" href=\"#collapse-1-1101\"><div class=\"fusion-toggle-icon-wrapper\"><div class=\"fusion-toggle-icon-wrapper-main\"><div class=\"fusion-toggle-icon-wrapper-sub\"><i class=\"fa-fusion-box\" aria-hidden=\"true\"><\/i><\/div><\/div><\/div><div class=\"fusion-toggle-heading\">\u00bfPUEDEN LOS HOMBRES INFECTARSE POR VPH?<\/div><\/a><\/h4><\/div><div id=\"collapse-1-1101\" class=\"panel-collapse collapse\"><div class=\"panel-body toggle-content post-content\"><p>Al igual que a las mujeres, <strong>las infecciones por VPH tambi\u00e9n pueden afectar a los hombres<\/strong>. Las infecciones por VPH en los hombres afectan a la garganta y a la regi\u00f3n anogenital. Sin embargo, las verrugas genitales son menos frecuentes y los c\u00e1nceres asociados al VPH son inusuales. Entre estos se incluyen el c\u00e1ncer de ano, de pene y de boca, pero son menos frecuentes.<\/p>\n<\/div><\/div><\/div><div class=\"fusion-panel panel-default fusion-faq-post fusion-faq-post-1103 hpv-faq \"><span class=\"entry-title rich-snippet-hidden\">\u00bfC\u00d3MO PUEDEN VERSE AFECTADAS MIS RELACIONES POR EL VPH?<\/span><span class=\"vcard rich-snippet-hidden\"><span class=\"fn\"><a href=\"https:\/\/www.colpofix.com\/es\/author\/wpa_cpx\/\" title=\"Entradas de Colpofix\" rel=\"author\">Colpofix<\/a><\/span><\/span><span class=\"updated rich-snippet-hidden\">2021-09-17T14:24:58+02:00<\/span><div class=\"panel-heading\"><h4 class=\"panel-title toggle\"><a data-toggle=\"collapse\" class=\"collapsed\" data-target=\"#collapse-1-1103\" href=\"#collapse-1-1103\"><div class=\"fusion-toggle-icon-wrapper\"><div class=\"fusion-toggle-icon-wrapper-main\"><div class=\"fusion-toggle-icon-wrapper-sub\"><i class=\"fa-fusion-box\" aria-hidden=\"true\"><\/i><\/div><\/div><\/div><div class=\"fusion-toggle-heading\">\u00bfC\u00d3MO PUEDEN VERSE AFECTADAS MIS RELACIONES POR EL VPH?<\/div><\/a><\/h4><\/div><div id=\"collapse-1-1103\" class=\"panel-collapse collapse\"><div class=\"panel-body toggle-content post-content\"><p>Dado que el VPH es asintom\u00e1tico, las parejas se transmiten el virus sin ni siquiera saberlo. Recuerde que <strong>el 80 % de las personas sexualmente activas se infectan en alg\u00fan momento de su vida<\/strong> y, en algunos casos, los s\u00edntomas aparecen muchos a\u00f1os despu\u00e9s de la infecci\u00f3n. Esto hace que sea dif\u00edcil saber cu\u00e1ndo y de qui\u00e9n se contrajo la infecci\u00f3n. Por este motivo, <strong>es importante informar a las parejas sexuales de que le han diagnosticado VPH<\/strong>.<\/p>\n<p>El uso adecuado del preservativo es importante con cualquier pareja sexual nueva. Se ha demostrado que reduce significativamente la transmisi\u00f3n del virus.<\/p>\n<\/div><\/div><\/div><div class=\"fusion-panel panel-default fusion-faq-post fusion-faq-post-1105 hpv-faq \"><span class=\"entry-title rich-snippet-hidden\">COMO PACIENTE, \u00bfQU\u00c9 PUEDO HACER PARA ELIMINAR EL VIRUS O REDUCIR LA POSIBILIDAD DE LESIONES CERVICALES?<\/span><span class=\"vcard rich-snippet-hidden\"><span class=\"fn\"><a href=\"https:\/\/www.colpofix.com\/es\/author\/wpa_cpx\/\" title=\"Entradas de Colpofix\" rel=\"author\">Colpofix<\/a><\/span><\/span><span class=\"updated rich-snippet-hidden\">2021-09-17T14:25:26+02:00<\/span><div class=\"panel-heading\"><h4 class=\"panel-title toggle\"><a data-toggle=\"collapse\" class=\"collapsed\" data-target=\"#collapse-1-1105\" href=\"#collapse-1-1105\"><div class=\"fusion-toggle-icon-wrapper\"><div class=\"fusion-toggle-icon-wrapper-main\"><div class=\"fusion-toggle-icon-wrapper-sub\"><i class=\"fa-fusion-box\" aria-hidden=\"true\"><\/i><\/div><\/div><\/div><div class=\"fusion-toggle-heading\">COMO PACIENTE, \u00bfQU\u00c9 PUEDO HACER PARA ELIMINAR EL VIRUS O REDUCIR LA POSIBILIDAD DE LESIONES CERVICALES?<\/div><\/a><\/h4><\/div><div id=\"collapse-1-1105\" class=\"panel-collapse collapse\"><div class=\"panel-body toggle-content post-content\"><p>Las infecciones por VPH suelen resolverse de forma natural gracias a nuestra respuesta inmunitaria. Por esta raz\u00f3n, es muy importante contar con un sistema inmunitario fuerte y una salud vaginal \u00f3ptima para ayudar a combatir la infecci\u00f3n por VPH.<\/p>\n<p><strong>Es importante mantener un estilo de vida saludable<\/strong>. El tabaco puede aumentar el riesgo de infecci\u00f3n persistente por VPH y facilitar el desarrollo de lesiones cervicales.<\/p>\n<\/div><\/div><\/div><\/div><\/div><\/div><\/div><\/div><style type=\"text\/css\">.fusion-body .fusion-builder-column-0{width:100% !important;margin-top : 0px;margin-bottom : 0px;}.fusion-builder-column-0 > .fusion-column-wrapper {padding-top : 0px !important;padding-right : 0px !important;margin-right : 1.92%;padding-bottom : 0px !important;padding-left : 0px !important;margin-left : 1.92%;}@media only screen and (max-width:1024px) {.fusion-body .fusion-builder-column-0{width:100% !important;order : 0;}.fusion-builder-column-0 > .fusion-column-wrapper {margin-right : 1.92%;margin-left : 1.92%;}}@media only screen and (max-width:640px) {.fusion-body .fusion-builder-column-0{width:100% !important;order : 0;}.fusion-builder-column-0 > .fusion-column-wrapper {margin-right : 1.92%;margin-left : 1.92%;}}<\/style><\/div><\/div><style type=\"text\/css\">.fusion-body .fusion-flex-container.fusion-builder-row-1{ padding-top : 0px;margin-top : 0px;padding-right : 0px;padding-bottom : 0px;margin-bottom : 0px;padding-left : 0px;}<\/style><\/div>\n","protected":false},"excerpt":{"rendered":"","protected":false},"author":1,"featured_media":0,"parent":0,"menu_order":0,"comment_status":"closed","ping_status":"closed","template":"","meta":[],"_links":{"self":[{"href":"https:\/\/www.colpofix.com\/es\/wp-json\/wp\/v2\/pages\/192"}],"collection":[{"href":"https:\/\/www.colpofix.com\/es\/wp-json\/wp\/v2\/pages"}],"about":[{"href":"https:\/\/www.colpofix.com\/es\/wp-json\/wp\/v2\/types\/page"}],"author":[{"embeddable":true,"href":"https:\/\/www.colpofix.com\/es\/wp-json\/wp\/v2\/users\/1"}],"replies":[{"embeddable":true,"href":"https:\/\/www.colpofix.com\/es\/wp-json\/wp\/v2\/comments?post=192"}],"version-history":[{"count":1,"href":"https:\/\/www.colpofix.com\/es\/wp-json\/wp\/v2\/pages\/192\/revisions"}],"predecessor-version":[{"id":1987,"href":"https:\/\/www.colpofix.com\/es\/wp-json\/wp\/v2\/pages\/192\/revisions\/1987"}],"wp:attachment":[{"href":"https:\/\/www.colpofix.com\/es\/wp-json\/wp\/v2\/media?parent=192"}],"curies":[{"name":"wp","href":"https:\/\/api.w.org\/{rel}","templated":true}]}}