{"id":485,"date":"2021-06-02T11:52:34","date_gmt":"2021-06-02T09:52:34","guid":{"rendered":"http:\/\/localhost\/Colpofix_Multisite_Test\/?page_id=485"},"modified":"2022-02-22T12:01:04","modified_gmt":"2022-02-22T11:01:04","slug":"cookies","status":"publish","type":"page","link":"https:\/\/www.colpofix.com\/es\/cookies\/","title":{"rendered":"POL\u00cdTICA DE COOKIES"},"content":{"rendered":"<p><div class=\"fusion-fullwidth fullwidth-box fusion-builder-row-1 fusion-flex-container nonhundred-percent-fullwidth non-hundred-percent-height-scrolling\" style=\"background-color: rgba(255,255,255,0);background-position: left top;background-repeat: no-repeat;border-width: 0px 0px 0px 0px;border-color:#e2e2e2;border-style:solid;\" ><div class=\"fusion-builder-row fusion-row fusion-flex-align-items-flex-start\" style=\"max-width:1185.6px;margin-left: calc(-4% \/ 2 );margin-right: calc(-4% \/ 2 );\"><div class=\"fusion-layout-column fusion_builder_column fusion-builder-column-0 fusion_builder_column_1_1 1_1 fusion-flex-column\"><div class=\"fusion-column-wrapper fusion-flex-justify-content-flex-start fusion-content-layout-column\" style=\"background-position:left top;background-repeat:no-repeat;-webkit-background-size:cover;-moz-background-size:cover;-o-background-size:cover;background-size:cover;padding: 0px 0px 0px 0px;\"><style type=\"text\/css\">@media only screen and (max-width:1024px) {.fusion-title.fusion-title-1{margin-top:10px!important; margin-right:!important;margin-bottom:15px!important;margin-left:!important;}}@media only screen and (max-width:640px) {.fusion-title.fusion-title-1{margin-top:10px!important; margin-right:!important;margin-bottom:10px!important; margin-left:!important;}}<\/style><div class=\"fusion-title title fusion-title-1 fusion-sep-none fusion-title-center fusion-title-text fusion-title-size-one\" style=\"margin-top:10px;margin-bottom:15px;\"><h1 class=\"title-heading-center fusion-responsive-typography-calculated\" style=\"margin:0;--fontSize:40;line-height:1.16;\">Pol\u00edtica de cookies<\/h1><\/div><div class=\"fusion-separator\" style=\"align-self: center;margin-left: auto;margin-right: auto;margin-bottom:30px;width:100%;max-width:115px;\"><div class=\"fusion-separator-border sep-single sep-solid\" style=\"border-color:#8ca1b2;border-top-width:2px;\"><\/div><\/div><\/div><style type=\"text\/css\">.fusion-body .fusion-builder-column-0{width:100% !important;margin-top : 0px;margin-bottom : 0px;}.fusion-builder-column-0 > .fusion-column-wrapper {padding-top : 0px !important;padding-right : 0px !important;margin-right : 1.92%;padding-bottom : 0px !important;padding-left : 0px !important;margin-left : 1.92%;}@media only screen and (max-width:1024px) {.fusion-body .fusion-builder-column-0{width:100% !important;order : 0;}.fusion-builder-column-0 > .fusion-column-wrapper {margin-right : 1.92%;margin-left : 1.92%;}}@media only screen and (max-width:640px) {.fusion-body .fusion-builder-column-0{width:100% !important;order : 0;}.fusion-builder-column-0 > .fusion-column-wrapper {margin-right : 1.92%;margin-left : 1.92%;}}<\/style><\/div><\/div><style type=\"text\/css\">.fusion-body .fusion-flex-container.fusion-builder-row-1{ padding-top : 0px;margin-top : 0px;padding-right : 0px;padding-bottom : 0px;margin-bottom : 0px;padding-left : 0px;}<\/style><\/div><div class=\"fusion-fullwidth fullwidth-box fusion-builder-row-2 fusion-flex-container nonhundred-percent-fullwidth non-hundred-percent-height-scrolling fusion-no-small-visibility\" style=\"background-color: rgba(255,255,255,0);background-position: center center;background-repeat: no-repeat;border-width: 0px 0px 0px 0px;border-color:#e2e2e2;border-style:solid;\" ><div class=\"fusion-builder-row fusion-row fusion-flex-align-items-flex-start\" style=\"max-width:1185.6px;margin-left: calc(-4% \/ 2 );margin-right: calc(-4% \/ 2 );\"><div class=\"fusion-layout-column fusion_builder_column fusion-builder-column-1 fusion_builder_column_1_1 1_1 fusion-flex-column\"><div class=\"fusion-column-wrapper fusion-flex-justify-content-flex-start fusion-content-layout-column\" style=\"background-position:left top;background-repeat:no-repeat;-webkit-background-size:cover;-moz-background-size:cover;-o-background-size:cover;background-size:cover;padding: 0px 0px 0px 0px;\"><div class=\"fusion-text fusion-text-1\"><p><strong>1. \u00bfQu\u00e9 son las <em>cookies<\/em>?<\/strong><\/p>\n<p>Las <em>cookies<\/em> son ficheros que almacenan y recuperan informaci\u00f3n sobre los h\u00e1bitos de navegaci\u00f3n del usuario. La informaci\u00f3n que se obtiene est\u00e1 relacionada, por ejemplo, con el n\u00famero de p\u00e1ginas que se visitan, el idioma, el lugar desde el que se accede, el n\u00famero de nuevos usuarios, la frecuencia y reincidencia de las visitas, el tiempo que dura la misma, el navegador o el equipo desde el que se realiza la visita o se ejecuta la aplicaci\u00f3n.<\/p>\n<p><strong>2. \u00bfQu\u00e9 tipos de <em>cookies<\/em> utiliza URIACH en su p\u00e1gina web? <\/strong><\/p>\n<p>La tipolog\u00eda de cookies que se utilizan con la navegaci\u00f3n a trav\u00e9s de la p\u00e1gina web son las que se detallan a continuaci\u00f3n:<\/p>\n<p><u>Seg\u00fan la entidad que las gestiona: <\/u><\/p>\n<ul>\n<li><em>Cookies<\/em> propias: se env\u00edan al equipo terminal del usuario desde un equipo o dominio gestionado por el propio editor y desde el que se presta el servicio solicitado por el usuario.<\/li>\n<li><em>Cookies<\/em> de terceros: se env\u00edan al equipo terminal del usuario desde un equipo o dominio que no es gestionado por el editor, sino por otra entidad que trata los datos obtenidos a trav\u00e9s de las <em>cookies<\/em>.<\/li>\n<\/ul>\n<p><u>Seg\u00fan el plazo de tiempo que permanecen activas<\/u>:<\/p>\n<ul>\n<li><em>Cookies <\/em>de sesi\u00f3n: recaban y almacenan datos mientras el usuario accede a la p\u00e1gina web.<\/li>\n<li><em>Cookies <\/em>persistentes: recopilan datos almacenados en el terminal y son accedidos y tratados durante el periodo definido.<\/li>\n<\/ul>\n<p><u>Seg\u00fan su finalidad:<\/u><\/p>\n<ul>\n<li><em>Cookies <\/em>t\u00e9cnicas: permiten la navegaci\u00f3n a trav\u00e9s de la p\u00e1gina web y la utilizaci\u00f3n de diferentes servicios que existan en la misma como podr\u00eda ser controlar el tr\u00e1fico y comunicaci\u00f3n de datos, realizar el proceso de compra de un pedido o utilizar elementos de seguridad durante la navegaci\u00f3n.<\/li>\n<li><em>Cookies<\/em> de an\u00e1lisis: permiten el seguimiento y an\u00e1lisis del comportamiento de los usuarios (por ejemplo, para la medici\u00f3n de la actividad de la aplicaci\u00f3n, la elaboraci\u00f3n de perfiles de usuarios, etc., con el fin de introducir mejoras en el servicio en funci\u00f3n de los datos de uso que hacen los usuarios).<\/li>\n<\/ul>\n<p>A continuaci\u00f3n, adjuntamos la relaci\u00f3n de que utiliza la p\u00e1gina web:<\/p>\n<table class=\"tablelegal\" width=\"95%\">\n<tbody>\n<tr>\n<td style=\"text-align: center;\" width=\"20%\"><strong>Cookies<\/strong><\/td>\n<td style=\"text-align: center;\" width=\"40%\"><strong>Funci\u00f3n<\/strong><\/td>\n<td style=\"text-align: center;\" width=\"20%\"><strong>Caducidad<\/strong><\/td>\n<td style=\"text-align: center;\" width=\"20%\"><strong>Origen<\/strong><\/td>\n<\/tr>\n<tr>\n<td width=\"20%\">cmplz_choice<\/td>\n<td width=\"40%\">Esta cookie es utilizada por el plugin Complianz \u2013 GDPR\/CCPA Cookie Consent. La cookie se usa para almacenar si un mensaje ha sido descartado.<\/td>\n<td style=\"text-align: center;\" width=\"20%\">Expira en 30 d\u00edas<\/td>\n<td style=\"text-align: center;\" width=\"20%\">Cookie propia<\/td>\n<\/tr>\n<tr>\n<td width=\"20%\">cmplz_policy_id<\/td>\n<td width=\"40%\">Esta cookie es utilizada por el plugin Complianz \u2013 GDPR\/CCPA Cookie Consent. La cookie se utiliza para almacenar el ID de pol\u00edtica de cookies aceptado.<\/td>\n<td style=\"text-align: center;\" width=\"20%\">Expira en 30 d\u00edas<\/td>\n<td style=\"text-align: center;\" width=\"20%\">Cookie propia<\/td>\n<\/tr>\n<tr>\n<td width=\"20%\">cmplz_consent_status, cmplz_statistics-anonymous, cmplz_functional, cmplz_marketing, cmplz_preferences, cmplz_statistics, cmplz_event_*<\/td>\n<td width=\"40%\">Estas cookies son utilizadas por el plugin Complianz \u2013 GDPR\/CCPA Cookie Consent. Las cookies se utilizan para almacenar preferencias de consentimiento de cookies.<\/td>\n<td style=\"text-align: center;\" width=\"20%\">Expiran en 30 d\u00edas<\/td>\n<td style=\"text-align: center;\" width=\"20%\">Cookie propia<\/td>\n<\/tr>\n<\/tbody>\n<\/table>\n<p><strong>3. \u00bfC\u00f3mo administrar las <em>cookies<\/em>?<\/strong><\/p>\n<p>El usuario tiene la opci\u00f3n de permitir, bloquear o eliminar las cookies instaladas en la ventana de <a class=\"cmplz-show-banner\">configuraci\u00f3n de las cookies<\/a>.<\/p>\n<p>Por otra parte, la deshabilitaci\u00f3n de las cookies podr\u00eda modificar el funcionamiento de la p\u00e1gina web.<\/p>\n<p>Por favor, consulte las instrucciones y manuales de su dispositivo para ampliar esta informaci\u00f3n. En caso de bloquear el uso de <em>cookies<\/em> en su dispositivo es posible que algunos servicios o funcionalidades de la p\u00e1gina web no est\u00e9n disponibles.<\/p>\n<p>Si aceptas las cookies de la p\u00e1gina web y m\u00e1s tarde deseas eliminar las cookies que hemos configurado, consulte el men\u00fa de ayuda de su navegador para obtener las instrucciones con los pasos a seguir.<\/p>\n<p><strong>4. Informaci\u00f3n sobre la identificaci\u00f3n de las <em>cookies<\/em><\/strong><\/p>\n<p>A continuaci\u00f3n, podr\u00e1 ver la identificaci\u00f3n de los terceros que utilizan las <em>cookies<\/em>. Por medio de los enlaces que facilitamos, podr\u00e1 acceder a la informaci\u00f3n sobre sus pol\u00edticas al respecto:<\/p>\n<p><strong>Anal\u00edticas:<\/strong><\/p>\n<p>Google Analytics se rige por las condiciones generales de Google accesibles en <a href=\"http:\/\/www.google.com\/analytics\/tos.html\" target=\"_blank\" rel=\"noopener\">http:\/\/www.google.com\/analytics\/tos.html<\/a> y la pol\u00edtica de privacidad de Google accesibles en <a href=\"http:\/\/www.google.com\/intl\/es\/policies\/privacy\/\" target=\"_blank\" rel=\"noopener\">http:\/\/www.google.com\/intl\/es\/policies\/privacy\/<\/a> y <a href=\"http:\/\/www.google.com\/intl\/es\/analytics\/privacyoverview.html\" target=\"_blank\" rel=\"noopener\">http:\/\/www.google.com\/intl\/es\/analytics\/privacyoverview.html<\/a><\/p>\n<p><strong>5. Actualizaci\u00f3n de la pol\u00edtica de <em>cookies<\/em><\/strong><\/p>\n<p>En el caso de que las caracter\u00edsticas o fines de uso de las cookies de la p\u00e1gina web sean modificadas, se le informar\u00e1 acerca de esos cambios con el fin de recabar nuevamente su consentimiento.<\/p>\n<\/div><\/div><style type=\"text\/css\">.fusion-body .fusion-builder-column-1{width:100% !important;margin-top : 0px;margin-bottom : 20px;}.fusion-builder-column-1 > .fusion-column-wrapper {padding-top : 0px !important;padding-right : 0px !important;margin-right : 1.92%;padding-bottom : 0px !important;padding-left : 0px !important;margin-left : 1.92%;}@media only screen and (max-width:1024px) {.fusion-body .fusion-builder-column-1{width:100% !important;order : 0;}.fusion-builder-column-1 > .fusion-column-wrapper {margin-right : 1.92%;margin-left : 1.92%;}}@media only screen and (max-width:640px) {.fusion-body .fusion-builder-column-1{width:100% !important;order : 0;}.fusion-builder-column-1 > .fusion-column-wrapper {margin-right : 1.92%;margin-left : 1.92%;}}<\/style><\/div><\/div><style type=\"text\/css\">.fusion-body .fusion-flex-container.fusion-builder-row-2{ padding-top : 0px;margin-top : 0px;padding-right : 0px;padding-bottom : 0px;margin-bottom : 0px;padding-left : 0px;}<\/style><\/div><div class=\"fusion-fullwidth fullwidth-box fusion-builder-row-3 fusion-flex-container nonhundred-percent-fullwidth non-hundred-percent-height-scrolling\" style=\"background-color: rgba(255,255,255,0);background-position: center center;background-repeat: no-repeat;border-width: 0px 0px 0px 0px;border-color:#e2e2e2;border-style:solid;\" ><div class=\"fusion-builder-row fusion-row fusion-flex-align-items-flex-start\" style=\"max-width:1185.6px;margin-left: calc(-4% \/ 2 );margin-right: calc(-4% \/ 2 );\"><div class=\"fusion-layout-column fusion_builder_column fusion-builder-column-2 fusion_builder_column_1_1 1_1 fusion-flex-column\"><div class=\"fusion-column-wrapper fusion-flex-justify-content-flex-start fusion-content-layout-column\" style=\"background-position:left top;background-repeat:no-repeat;-webkit-background-size:cover;-moz-background-size:cover;-o-background-size:cover;background-size:cover;padding: 0px 0px 0px 0px;\"><div class=\"fusion-text fusion-text-2 fusion-no-medium-visibility fusion-no-large-visibility\"><p><strong>1. \u00bfQu\u00e9 son las <em>cookies<\/em>?<\/strong><\/p>\n<p>Las <em>cookies<\/em> son ficheros que almacenan y recuperan informaci\u00f3n sobre los h\u00e1bitos de navegaci\u00f3n del usuario. La informaci\u00f3n que se obtiene est\u00e1 relacionada, por ejemplo, con el n\u00famero de p\u00e1ginas que se visitan, el idioma, el lugar desde el que se accede, el n\u00famero de nuevos usuarios, la frecuencia y reincidencia de las visitas, el tiempo que dura la misma, el navegador o el equipo desde el que se realiza la visita o se ejecuta la aplicaci\u00f3n.<\/p>\n<p><strong>2. \u00bfQu\u00e9 tipos de <em>cookies<\/em> utiliza URIACH en su p\u00e1gina web? <\/strong><\/p>\n<p>La tipolog\u00eda de cookies que se utilizan con la navegaci\u00f3n a trav\u00e9s de la p\u00e1gina web son las que se detallan a continuaci\u00f3n:<\/p>\n<p><u>Seg\u00fan la entidad que las gestiona: <\/u><\/p>\n<ul>\n<li><em>Cookies<\/em> propias: se env\u00edan al equipo terminal del usuario desde un equipo o dominio gestionado por el propio editor y desde el que se presta el servicio solicitado por el usuario.<\/li>\n<li><em>Cookies<\/em> de terceros: se env\u00edan al equipo terminal del usuario desde un equipo o dominio que no es gestionado por el editor, sino por otra entidad que trata los datos obtenidos a trav\u00e9s de las <em>cookies<\/em>.<\/li>\n<\/ul>\n<p><u>Seg\u00fan el plazo de tiempo que permanecen activas<\/u>:<\/p>\n<ul>\n<li><em>Cookies <\/em>de sesi\u00f3n: recaban y almacenan datos mientras el usuario accede a la p\u00e1gina web.<\/li>\n<li><em>Cookies <\/em>persistentes: recopilan datos almacenados en el terminal y son accedidos y tratados durante el periodo definido.<\/li>\n<\/ul>\n<p><u>Seg\u00fan su finalidad:<\/u><\/p>\n<ul>\n<li><em>Cookies <\/em>t\u00e9cnicas: permiten la navegaci\u00f3n a trav\u00e9s de la p\u00e1gina web y la utilizaci\u00f3n de diferentes servicios que existan en la misma como podr\u00eda ser controlar el tr\u00e1fico y comunicaci\u00f3n de datos, realizar el proceso de compra de un pedido o utilizar elementos de seguridad durante la navegaci\u00f3n.<\/li>\n<li><em>Cookies<\/em> de an\u00e1lisis: permiten el seguimiento y an\u00e1lisis del comportamiento de los usuarios (por ejemplo, para la medici\u00f3n de la actividad de la aplicaci\u00f3n, la elaboraci\u00f3n de perfiles de usuarios, etc., con el fin de introducir mejoras en el servicio en funci\u00f3n de los datos de uso que hacen los usuarios).<\/li>\n<\/ul>\n<p>A continuaci\u00f3n, adjuntamos la relaci\u00f3n de que utiliza la p\u00e1gina web:<\/p>\n<ul>\n<li><strong>cmplz_choice<\/strong><br \/>\nFunci\u00f3n: Esta cookie es utilizada por el plugin Complianz \u2013 GDPR\/CCPA Cookie Consent. La cookie se usa para almacenar si un mensaje ha sido descartado.<br \/>\nCaducidad: Expira en 30 d\u00edas.<br \/>\nOrigen: Cookie propia<\/li>\n<li><b><strong>cmplz<\/strong>_policy_id<\/b><br \/>\nFunci\u00f3n: Esta cookie es utilizada por el plugin Complianz \u2013 GDPR\/CCPA Cookie Consent. La cookie se utiliza para almacenar el ID de pol\u00edtica de cookies aceptado.<br \/>\nCaducidad: Expira en 30 d\u00edas.<br \/>\nOrigen: Cookie propia<\/li>\n<li><strong>cmplz_consent_status, cmplz_statistics-anonymous, cmplz_functional, cmplz_marketing, cmplz_preferences, cmplz_statistics, cmplz_event_*<\/strong><br \/>\nFunci\u00f3n: Estas cookies son utilizadas por el plugin Complianz \u2013 GDPR\/CCPA Cookie Consent. Las cookies se utilizan para almacenar preferencias de consentimiento de cookies.<br \/>\nCaducidad: Expira en 30 d\u00edas.<br \/>\nOrigen: Cookie propia<\/li>\n<\/ul>\n<p><!--\n \t\n\n\n\n<li><b>_ga<\/b>\nPurpose: This cookie is installed by Google Analytics. The cookie is used to calculate visitor, session, camapign data and keep track of site usage for the site\u2019s analytics report. The cookies store information anonymously and assigns a randoly generated number to identify unique visitors.\nExpiration term: Expires in 2 years.\nOrigin: Third-party cookie<\/li>\n\n\n\n\n \t\n\n\n\n<li><b>_gat<\/b>\nPurpose: This cookie is installed by Google Analytics. The cookie is used to throttle the request rate to limit the collection of data on high traffic sites.\nExpiration term: Expires when you close your browser or when log out.\nOrigin: Third-party cookie<\/li>\n\n\n\n\n \t\n\n\n\n<li><b>_gid<\/b>\nPurpose: This cookie is installed by Google Analytics. The cookie is used to store information of how visitors use a website and helps in creating an analytics report of how the wbsite is doing. The data collected including the number visitors, the source where they have come from, and the pages visited in an anonymous form.\nExpiration term: Expires in 24 hours.\nOrigin: Third-party cookie<\/li>\n\n\n\n\n--><\/p>\n<p><strong>3. \u00bfC\u00f3mo administrar las <em>cookies<\/em>?<\/strong><\/p>\n<p>El usuario tiene la opci\u00f3n de permitir, bloquear o eliminar las cookies instaladas en la ventana de <a class=\"cmplz-show-banner\">configuraci\u00f3n de las cookies<\/a>.<\/p>\n<p>Por otra parte, la deshabilitaci\u00f3n de las cookies podr\u00eda modificar el funcionamiento de la p\u00e1gina web.<\/p>\n<p>Por favor, consulte las instrucciones y manuales de su dispositivo para ampliar esta informaci\u00f3n. En caso de bloquear el uso de <em>cookies<\/em> en su dispositivo es posible que algunos servicios o funcionalidades de la p\u00e1gina web no est\u00e9n disponibles.<\/p>\n<p>Si aceptas las cookies de la p\u00e1gina web y m\u00e1s tarde deseas eliminar las cookies que hemos configurado, consulte el men\u00fa de ayuda de su navegador para obtener las instrucciones con los pasos a seguir.<\/p>\n<p><strong>4. Informaci\u00f3n sobre la identificaci\u00f3n de las <em>cookies<\/em><\/strong><\/p>\n<p>A continuaci\u00f3n, podr\u00e1 ver la identificaci\u00f3n de los terceros que utilizan las <em>cookies<\/em>. Por medio de los enlaces que facilitamos, podr\u00e1 acceder a la informaci\u00f3n sobre sus pol\u00edticas al respecto:<\/p>\n<p><strong>Anal\u00edticas:<\/strong><\/p>\n<p>Google Analytics se rige por las condiciones generales de Google accesibles en <a href=\"http:\/\/www.google.com\/analytics\/tos.html\" target=\"_blank\" rel=\"noopener\">http:\/\/www.google.com\/analytics\/tos.html<\/a> y la pol\u00edtica de privacidad de Google accesibles en <a href=\"http:\/\/www.google.com\/intl\/es\/policies\/privacy\/\" target=\"_blank\" rel=\"noopener\">http:\/\/www.google.com\/intl\/es\/policies\/privacy\/<\/a> y <a href=\"http:\/\/www.google.com\/intl\/es\/analytics\/privacyoverview.html\" target=\"_blank\" rel=\"noopener\">http:\/\/www.google.com\/intl\/es\/analytics\/privacyoverview.html<\/a><\/p>\n<p><strong>5. Actualizaci\u00f3n de la pol\u00edtica de <em>cookies<\/em><\/strong><\/p>\n<p>En el caso de que las caracter\u00edsticas o fines de uso de las cookies de la p\u00e1gina web sean modificadas, se le informar\u00e1 acerca de esos cambios con el fin de recabar nuevamente su consentimiento.<\/p>\n<\/div><\/div><style type=\"text\/css\">.fusion-body .fusion-builder-column-2{width:100% !important;margin-top : 0px;margin-bottom : 20px;}.fusion-builder-column-2 > .fusion-column-wrapper {padding-top : 0px !important;padding-right : 0px !important;margin-right : 1.92%;padding-bottom : 0px !important;padding-left : 0px !important;margin-left : 1.92%;}@media only screen and (max-width:1024px) {.fusion-body .fusion-builder-column-2{width:100% !important;order : 0;}.fusion-builder-column-2 > .fusion-column-wrapper {margin-right : 1.92%;margin-left : 1.92%;}}@media only screen and (max-width:640px) {.fusion-body .fusion-builder-column-2{width:100% !important;order : 0;}.fusion-builder-column-2 > .fusion-column-wrapper {margin-right : 1.92%;margin-left : 1.92%;}}<\/style><\/div><\/div><style type=\"text\/css\">.fusion-body .fusion-flex-container.fusion-builder-row-3{ padding-top : 0px;margin-top : 0px;padding-right : 0px;padding-bottom : 0px;margin-bottom : 0px;padding-left : 0px;}<\/style><\/div><\/p>\n","protected":false},"excerpt":{"rendered":"","protected":false},"author":1,"featured_media":0,"parent":0,"menu_order":0,"comment_status":"closed","ping_status":"closed","template":"","meta":[],"_links":{"self":[{"href":"https:\/\/www.colpofix.com\/es\/wp-json\/wp\/v2\/pages\/485"}],"collection":[{"href":"https:\/\/www.colpofix.com\/es\/wp-json\/wp\/v2\/pages"}],"about":[{"href":"https:\/\/www.colpofix.com\/es\/wp-json\/wp\/v2\/types\/page"}],"author":[{"embeddable":true,"href":"https:\/\/www.colpofix.com\/es\/wp-json\/wp\/v2\/users\/1"}],"replies":[{"embeddable":true,"href":"https:\/\/www.colpofix.com\/es\/wp-json\/wp\/v2\/comments?post=485"}],"version-history":[{"count":1,"href":"https:\/\/www.colpofix.com\/es\/wp-json\/wp\/v2\/pages\/485\/revisions"}],"predecessor-version":[{"id":1983,"href":"https:\/\/www.colpofix.com\/es\/wp-json\/wp\/v2\/pages\/485\/revisions\/1983"}],"wp:attachment":[{"href":"https:\/\/www.colpofix.com\/es\/wp-json\/wp\/v2\/media?parent=485"}],"curies":[{"name":"wp","href":"https:\/\/api.w.org\/{rel}","templated":true}]}}