{"id":192,"date":"2021-04-26T10:00:37","date_gmt":"2021-04-26T08:00:37","guid":{"rendered":"http:\/\/localhost\/Colpofix_Multisite_Test\/?page_id=192"},"modified":"2021-04-26T10:00:37","modified_gmt":"2021-04-26T08:00:37","slug":"faq-hpv","status":"publish","type":"page","link":"https:\/\/www.colpofix.com\/fr\/faq-hpv\/","title":{"rendered":"FAQ HPV"},"content":{"rendered":"<div class=\"fusion-fullwidth fullwidth-box fusion-builder-row-1 fusion-flex-container nonhundred-percent-fullwidth non-hundred-percent-height-scrolling\" style=\"background-color: rgba(255,255,255,0);background-position: left top;background-repeat: no-repeat;border-width: 0px 0px 0px 0px;border-color:#e2e2e2;border-style:solid;\" ><div class=\"fusion-builder-row fusion-row fusion-flex-align-items-flex-start\" style=\"max-width:1185.6px;margin-left: calc(-4% \/ 2 );margin-right: calc(-4% \/ 2 );\"><div class=\"fusion-layout-column fusion_builder_column fusion-builder-column-0 fusion_builder_column_1_1 1_1 fusion-flex-column\"><div class=\"fusion-column-wrapper fusion-flex-justify-content-flex-start fusion-content-layout-column\" style=\"background-position:left top;background-repeat:no-repeat;-webkit-background-size:cover;-moz-background-size:cover;-o-background-size:cover;background-size:cover;padding: 0px 0px 0px 0px;\"><style type=\"text\/css\">@media only screen and (max-width:1024px) {.fusion-title.fusion-title-1{margin-top:10px!important; margin-right:!important;margin-bottom:15px!important;margin-left:!important;}}@media only screen and (max-width:640px) {.fusion-title.fusion-title-1{margin-top:10px!important; margin-right:!important;margin-bottom:10px!important; margin-left:!important;}}<\/style><div class=\"fusion-title title fusion-title-1 fusion-sep-none fusion-title-center fusion-title-text fusion-title-size-one\" style=\"margin-top:10px;margin-bottom:15px;\"><h1 class=\"title-heading-center fusion-responsive-typography-calculated\" style=\"margin:0;--fontSize:40;line-height:1.16;\">FAQ HPV<\/h1><\/div><div class=\"fusion-separator\" style=\"align-self: center;margin-left: auto;margin-right: auto;margin-bottom:30px;width:100%;max-width:115px;\"><div class=\"fusion-separator-border sep-single sep-solid\" style=\"border-color:#8ca1b2;border-top-width:2px;\"><\/div><\/div><style type=\"text\/css\">.fusion-accordian #accordian-1 .panel-title a .fa-fusion-box:before{ font-size: 16px;}.fusion-accordian #accordian-1 .panel-title a .fa-fusion-box{ color: #ffffff;}.fusion-accordian #accordian-1 .fa-fusion-box { background-color: #7c99ab;border-color: #7c99ab;}.fusion-accordian #accordian-1 .panel-title a:hover,.fusion-accordian #accordian-1 .panel-title a.hover { color: #945c8d;}.fusion-faq-shortcode .fusion-accordian #accordian-1 .fusion-toggle-boxed-mode:hover .panel-title a { color: #945c8d;}.fusion-accordian #accordian-1 .panel-title .active .fa-fusion-box,.fusion-accordian #accordian-1 .panel-title a:hover .fa-fusion-box,.fusion-accordian #accordian-1 .panel-title a.hover .fa-fusion-box { background-color: #945c8d!important;border-color: #945c8d!important;}<\/style><div class=\"fusion-faq-shortcode\"><div class=\"fusion-faqs-wrapper\"><div class=\"accordian fusion-accordian\"><div class=\"panel-group \" id=\"accordian-1\"><div class=\"fusion-panel panel-default fusion-faq-post fusion-faq-post-1087 hpv-faq \"><span class=\"entry-title rich-snippet-hidden\">QUELLE EST LA FR\u00c9QUENCE DE L\u2019INFECTION PAR HPV ?<\/span><span class=\"vcard rich-snippet-hidden\"><span class=\"fn\"><a href=\"https:\/\/www.colpofix.com\/fr\/author\/wpa_cpx\/\" title=\"Articles par Colpofix\" rel=\"author\">Colpofix<\/a><\/span><\/span><span class=\"updated rich-snippet-hidden\">2021-09-17T14:21:17+02:00<\/span><div class=\"panel-heading\"><h4 class=\"panel-title toggle\"><a data-toggle=\"collapse\" class=\"collapsed\" data-target=\"#collapse-1-1087\" href=\"#collapse-1-1087\"><div class=\"fusion-toggle-icon-wrapper\"><div class=\"fusion-toggle-icon-wrapper-main\"><div class=\"fusion-toggle-icon-wrapper-sub\"><i class=\"fa-fusion-box\" aria-hidden=\"true\"><\/i><\/div><\/div><\/div><div class=\"fusion-toggle-heading\">QUELLE EST LA FR\u00c9QUENCE DE L\u2019INFECTION PAR HPV ?<\/div><\/a><\/h4><\/div><div id=\"collapse-1-1087\" class=\"panel-collapse collapse\"><div class=\"panel-body toggle-content post-content\"><p>L\u2019infection par HPV est une IST (Infection Sexuellement Transmissible) <b>tr\u00e8s fr\u00e9quente<\/b>.<\/p>\n<p>Pr\u00e8s de 80 % de l\u2019ensemble des femmes et hommes sexuellement actifs seront infect\u00e9s par le HPV \u00e0 un moment donn\u00e9 de leur vie ; la plupart d\u2019entre eux ne sauront jamais qu\u2019ils ont \u00e9t\u00e9 infect\u00e9s par le virus. Chez la plupart des individus, le HPV est inoffensif et ne provoque aucun sympt\u00f4me.<\/p>\n<\/div><\/div><\/div><div class=\"fusion-panel panel-default fusion-faq-post fusion-faq-post-1089 hpv-faq \"><span class=\"entry-title rich-snippet-hidden\">COMMENT EST-ON INFECT\u00c9 PAR LE HPV ?<\/span><span class=\"vcard rich-snippet-hidden\"><span class=\"fn\"><a href=\"https:\/\/www.colpofix.com\/fr\/author\/wpa_cpx\/\" title=\"Articles par Colpofix\" rel=\"author\">Colpofix<\/a><\/span><\/span><span class=\"updated rich-snippet-hidden\">2021-09-17T14:21:47+02:00<\/span><div class=\"panel-heading\"><h4 class=\"panel-title toggle\"><a data-toggle=\"collapse\" class=\"collapsed\" data-target=\"#collapse-1-1089\" href=\"#collapse-1-1089\"><div class=\"fusion-toggle-icon-wrapper\"><div class=\"fusion-toggle-icon-wrapper-main\"><div class=\"fusion-toggle-icon-wrapper-sub\"><i class=\"fa-fusion-box\" aria-hidden=\"true\"><\/i><\/div><\/div><\/div><div class=\"fusion-toggle-heading\">COMMENT EST-ON INFECT\u00c9 PAR LE HPV ?<\/div><\/a><\/h4><\/div><div id=\"collapse-1-1089\" class=\"panel-collapse collapse\"><div class=\"panel-body toggle-content post-content\"><p>La transmission du HPV se fait par une <b>relation sexuelle orale, vaginale ou anale<\/b> avec une personne porteuse du virus, qui peut ne pr\u00e9senter aucun sympt\u00f4me.<\/p>\n<p>Toutes les personnes sexuellement actives peuvent contracter le HPV, m\u00eame si elles n\u2019ont de relations sexuelles qu\u2019avec une seule personne. Par ailleurs, les sympt\u00f4mes peuvent appara\u00eetre des ann\u00e9es apr\u00e8s l\u2019infection, il n\u2019y a donc aucun moyen de savoir de quel partenaire provient l\u2019infection ni depuis combien de temps elle a \u00e9t\u00e9 contract\u00e9e.<\/p>\n<\/div><\/div><\/div><div class=\"fusion-panel panel-default fusion-faq-post fusion-faq-post-1091 hpv-faq \"><span class=\"entry-title rich-snippet-hidden\">LE HPV PEUT-IL DISPARA\u00ceTRE ?<\/span><span class=\"vcard rich-snippet-hidden\"><span class=\"fn\"><a href=\"https:\/\/www.colpofix.com\/fr\/author\/wpa_cpx\/\" title=\"Articles par Colpofix\" rel=\"author\">Colpofix<\/a><\/span><\/span><span class=\"updated rich-snippet-hidden\">2021-09-17T14:22:14+02:00<\/span><div class=\"panel-heading\"><h4 class=\"panel-title toggle\"><a data-toggle=\"collapse\" class=\"collapsed\" data-target=\"#collapse-1-1091\" href=\"#collapse-1-1091\"><div class=\"fusion-toggle-icon-wrapper\"><div class=\"fusion-toggle-icon-wrapper-main\"><div class=\"fusion-toggle-icon-wrapper-sub\"><i class=\"fa-fusion-box\" aria-hidden=\"true\"><\/i><\/div><\/div><\/div><div class=\"fusion-toggle-heading\">LE HPV PEUT-IL DISPARA\u00ceTRE ?<\/div><\/a><\/h4><\/div><div id=\"collapse-1-1091\" class=\"panel-collapse collapse\"><div class=\"panel-body toggle-content post-content\"><p>Le HPV est souvent \u00e9limin\u00e9e naturellement par le syst\u00e8me immunitaire. <b>Pr\u00e8s de 9 infections \u00e0 HPV sur 10 disparaissent d\u2019elles-m\u00eames dans les deux ans.<\/b><\/p>\n<p>Lorsque le HPV ne dispara\u00eet pas de lui-m\u00eame, il peut \u00eatre \u00e0 l\u2019origine de verrues g\u00e9nitales ou des l\u00e9sions pr\u00e9canc\u00e9reuses.<\/p>\n<\/div><\/div><\/div><div class=\"fusion-panel panel-default fusion-faq-post fusion-faq-post-1093 hpv-faq \"><span class=\"entry-title rich-snippet-hidden\">COMMENT LE HPV SE MANIFESTE-T-IL CHEZ LES FEMMES ?<\/span><span class=\"vcard rich-snippet-hidden\"><span class=\"fn\"><a href=\"https:\/\/www.colpofix.com\/fr\/author\/wpa_cpx\/\" title=\"Articles par Colpofix\" rel=\"author\">Colpofix<\/a><\/span><\/span><span class=\"updated rich-snippet-hidden\">2021-09-17T14:22:42+02:00<\/span><div class=\"panel-heading\"><h4 class=\"panel-title toggle\"><a data-toggle=\"collapse\" class=\"collapsed\" data-target=\"#collapse-1-1093\" href=\"#collapse-1-1093\"><div class=\"fusion-toggle-icon-wrapper\"><div class=\"fusion-toggle-icon-wrapper-main\"><div class=\"fusion-toggle-icon-wrapper-sub\"><i class=\"fa-fusion-box\" aria-hidden=\"true\"><\/i><\/div><\/div><\/div><div class=\"fusion-toggle-heading\">COMMENT LE HPV SE MANIFESTE-T-IL CHEZ LES FEMMES ?<\/div><\/a><\/h4><\/div><div id=\"collapse-1-1093\" class=\"panel-collapse collapse\"><div class=\"panel-body toggle-content post-content\"><p>La plupart des femmes infect\u00e9es par le HPV sont porteuses du virus pendant des mois sans pr\u00e9senter de sympt\u00f4mes.<\/p>\n<p>Certains types de HPV sont responsables de l\u2019apparition de verrues g\u00e9nitales, ce qui ne constitue pas une affection grave en soi.<\/p>\n<p>Certaines femmes qui sont infect\u00e9es par des <b>types de HPV \u00e0 haut risque oncog\u00e8ne<\/b> peuvent d\u00e9velopper des alt\u00e9rations cellulaires non visibles dans un premier temps qui parfois \u00e9voluent vers un cancer, notamment au niveau du col de l\u2019ut\u00e9rus, mais aussi du vagin, de la vulve, de l\u2019anus, de la bouche et de la gorge.<\/p>\n<\/div><\/div><\/div><div class=\"fusion-panel panel-default fusion-faq-post fusion-faq-post-1095 hpv-faq \"><span class=\"entry-title rich-snippet-hidden\">QUEL LIEN EXISTE-T-IL ENTRE HPV ET CANCER DU COL DE L\u2019UT\u00c9RUS ?<\/span><span class=\"vcard rich-snippet-hidden\"><span class=\"fn\"><a href=\"https:\/\/www.colpofix.com\/fr\/author\/wpa_cpx\/\" title=\"Articles par Colpofix\" rel=\"author\">Colpofix<\/a><\/span><\/span><span class=\"updated rich-snippet-hidden\">2021-09-17T14:23:09+02:00<\/span><div class=\"panel-heading\"><h4 class=\"panel-title toggle\"><a data-toggle=\"collapse\" class=\"collapsed\" data-target=\"#collapse-1-1095\" href=\"#collapse-1-1095\"><div class=\"fusion-toggle-icon-wrapper\"><div class=\"fusion-toggle-icon-wrapper-main\"><div class=\"fusion-toggle-icon-wrapper-sub\"><i class=\"fa-fusion-box\" aria-hidden=\"true\"><\/i><\/div><\/div><\/div><div class=\"fusion-toggle-heading\">QUEL LIEN EXISTE-T-IL ENTRE HPV ET CANCER DU COL DE L\u2019UT\u00c9RUS ?<\/div><\/a><\/h4><\/div><div id=\"collapse-1-1095\" class=\"panel-collapse collapse\"><div class=\"panel-body toggle-content post-content\"><p>Environ 10 % des femmes infect\u00e9es par des HPV \u00e0 haut risque oncog\u00e8nes n\u2019\u00e9limineront pas naturellement l\u2019infection d\u2019elles-m\u00eames. Cette persistance du HPV est la principale cause du d\u00e9veloppement de l\u00e9sions sur le col de l\u2019ut\u00e9rus, qui peuvent \u00e9voluer dans certains cas en cancer.<\/p>\n<p>Ces l\u00e9sions du col de l\u2019ut\u00e9rus sont g\u00e9n\u00e9ralement asymptomatiques. Le seul moyen de les d\u00e9tecter est de se rendre chez votre gyn\u00e9cologue, qui effectuera des examens pour rechercher l\u2019\u00e9ventuelle pr\u00e9sence de HPV et de l\u00e9sions du col.<\/p>\n<\/div><\/div><\/div><div class=\"fusion-panel panel-default fusion-faq-post fusion-faq-post-1097 hpv-faq \"><span class=\"entry-title rich-snippet-hidden\">LE HPV A-T-IL UNE INCIDENCE SUR LA FERTILIT\u00c9 ?<\/span><span class=\"vcard rich-snippet-hidden\"><span class=\"fn\"><a href=\"https:\/\/www.colpofix.com\/fr\/author\/wpa_cpx\/\" title=\"Articles par Colpofix\" rel=\"author\">Colpofix<\/a><\/span><\/span><span class=\"updated rich-snippet-hidden\">2021-09-17T14:23:37+02:00<\/span><div class=\"panel-heading\"><h4 class=\"panel-title toggle\"><a data-toggle=\"collapse\" class=\"collapsed\" data-target=\"#collapse-1-1097\" href=\"#collapse-1-1097\"><div class=\"fusion-toggle-icon-wrapper\"><div class=\"fusion-toggle-icon-wrapper-main\"><div class=\"fusion-toggle-icon-wrapper-sub\"><i class=\"fa-fusion-box\" aria-hidden=\"true\"><\/i><\/div><\/div><\/div><div class=\"fusion-toggle-heading\">LE HPV A-T-IL UNE INCIDENCE SUR LA FERTILIT\u00c9 ?<\/div><\/a><\/h4><\/div><div id=\"collapse-1-1097\" class=\"panel-collapse collapse\"><div class=\"panel-body toggle-content post-content\"><p>L\u2019infection par HPV n\u2019a aucune incidence sur la fertilit\u00e9. La capacit\u00e9 \u00e0 concevoir n\u2019est pas diminu\u00e9e.<\/p>\n<\/div><\/div><\/div><div class=\"fusion-panel panel-default fusion-faq-post fusion-faq-post-1099 hpv-faq \"><span class=\"entry-title rich-snippet-hidden\">JE SUIS ENCEINTE. L\u2019INFECTION \u00c0 HPV PEUT-ELLE AVOIR UNE INCIDENCE SUR MON ENFANT \u00c0 NA\u00ceTRE ?<\/span><span class=\"vcard rich-snippet-hidden\"><span class=\"fn\"><a href=\"https:\/\/www.colpofix.com\/fr\/author\/wpa_cpx\/\" title=\"Articles par Colpofix\" rel=\"author\">Colpofix<\/a><\/span><\/span><span class=\"updated rich-snippet-hidden\">2021-09-17T14:24:05+02:00<\/span><div class=\"panel-heading\"><h4 class=\"panel-title toggle\"><a data-toggle=\"collapse\" class=\"collapsed\" data-target=\"#collapse-1-1099\" href=\"#collapse-1-1099\"><div class=\"fusion-toggle-icon-wrapper\"><div class=\"fusion-toggle-icon-wrapper-main\"><div class=\"fusion-toggle-icon-wrapper-sub\"><i class=\"fa-fusion-box\" aria-hidden=\"true\"><\/i><\/div><\/div><\/div><div class=\"fusion-toggle-heading\">JE SUIS ENCEINTE. L\u2019INFECTION \u00c0 HPV PEUT-ELLE AVOIR UNE INCIDENCE SUR MON ENFANT \u00c0 NA\u00ceTRE ?<\/div><\/a><\/h4><\/div><div id=\"collapse-1-1099\" class=\"panel-collapse collapse\"><div class=\"panel-body toggle-content post-content\"><p>L\u2019infection par HPV n\u2019a g\u00e9n\u00e9ralement pas de cons\u00e9quence pour votre enfant \u00e0 na\u00eetre. Toutefois le suivi m\u00e9dical est important, notamment en cas de condylomes (verrues g\u00e9nitales) qui sont aussi dus au HPV.<\/p>\n<\/div><\/div><\/div><div class=\"fusion-panel panel-default fusion-faq-post fusion-faq-post-1101 hpv-faq \"><span class=\"entry-title rich-snippet-hidden\">LES HOMMES PEUVENT-ILS \u00caTRE INFECT\u00c9S PAR LE HPV ?<\/span><span class=\"vcard rich-snippet-hidden\"><span class=\"fn\"><a href=\"https:\/\/www.colpofix.com\/fr\/author\/wpa_cpx\/\" title=\"Articles par Colpofix\" rel=\"author\">Colpofix<\/a><\/span><\/span><span class=\"updated rich-snippet-hidden\">2021-09-17T14:24:32+02:00<\/span><div class=\"panel-heading\"><h4 class=\"panel-title toggle\"><a data-toggle=\"collapse\" class=\"collapsed\" data-target=\"#collapse-1-1101\" href=\"#collapse-1-1101\"><div class=\"fusion-toggle-icon-wrapper\"><div class=\"fusion-toggle-icon-wrapper-main\"><div class=\"fusion-toggle-icon-wrapper-sub\"><i class=\"fa-fusion-box\" aria-hidden=\"true\"><\/i><\/div><\/div><\/div><div class=\"fusion-toggle-heading\">LES HOMMES PEUVENT-ILS \u00caTRE INFECT\u00c9S PAR LE HPV ?<\/div><\/a><\/h4><\/div><div id=\"collapse-1-1101\" class=\"panel-collapse collapse\"><div class=\"panel-body toggle-content post-content\"><p>Tout comme les femmes, les hommes peuvent aussi \u00eatre infect\u00e9s par le HPV et d\u00e9velopper des verrues g\u00e9nitales et des l\u00e9sions pr\u00e9-canc\u00e9reuses. Les l\u00e9sions associ\u00e9s au HPV chez les hommes sont localis\u00e9es au niveau de l\u2019anus, du p\u00e9nis, de la bouche et de la gorge. Il est recommand\u00e9 de vacciner les gar\u00e7ons avant le d\u00e9but de leur vie sexuelle.<\/p>\n<\/div><\/div><\/div><div class=\"fusion-panel panel-default fusion-faq-post fusion-faq-post-1103 hpv-faq \"><span class=\"entry-title rich-snippet-hidden\">QUELLES CONS\u00c9QUENCES LE HPV PEUT-IL AVOIR SUR MES RELATIONS ?<\/span><span class=\"vcard rich-snippet-hidden\"><span class=\"fn\"><a href=\"https:\/\/www.colpofix.com\/fr\/author\/wpa_cpx\/\" title=\"Articles par Colpofix\" rel=\"author\">Colpofix<\/a><\/span><\/span><span class=\"updated rich-snippet-hidden\">2021-09-17T14:24:58+02:00<\/span><div class=\"panel-heading\"><h4 class=\"panel-title toggle\"><a data-toggle=\"collapse\" class=\"collapsed\" data-target=\"#collapse-1-1103\" href=\"#collapse-1-1103\"><div class=\"fusion-toggle-icon-wrapper\"><div class=\"fusion-toggle-icon-wrapper-main\"><div class=\"fusion-toggle-icon-wrapper-sub\"><i class=\"fa-fusion-box\" aria-hidden=\"true\"><\/i><\/div><\/div><\/div><div class=\"fusion-toggle-heading\">QUELLES CONS\u00c9QUENCES LE HPV PEUT-IL AVOIR SUR MES RELATIONS ?<\/div><\/a><\/h4><\/div><div id=\"collapse-1-1103\" class=\"panel-collapse collapse\"><div class=\"panel-body toggle-content post-content\"><p>Comme le HPV est asymptomatique, des partenaires ont tendance \u00e0 se partager le virus sans m\u00eame le savoir. Pour rappel, 80 % des personnes sexuellement actives seront infect\u00e9es par le HPV \u00e0 un moment de leur vie et, dans certains cas, les sympt\u00f4mes apparaissent plusieurs ann\u00e9es apr\u00e8s l\u2019infection. Il est donc difficile de savoir quand et de qui l\u2019infection a \u00e9t\u00e9 contract\u00e9e. Pour cette raison, il est important d\u2019informer vos partenaires sexuels si vous avez re\u00e7u un diagnostic de HPV.<\/p>\n<p>Il est essentiel d\u2019utiliser des pr\u00e9servatifs de fa\u00e7on appropri\u00e9e avec tout nouveau partenaire sexuel. Il a \u00e9t\u00e9 d\u00e9montr\u00e9 que leur utilisation r\u00e9duisait consid\u00e9rablement l\u2019incidence des verrues g\u00e9nitales et des l\u00e9sions pr\u00e9canc\u00e9reuses. Il est important de noter que le pr\u00e9servatif ne prot\u00e8ge que la zone couverte ; la protection n\u2019est donc pas totale.<\/p>\n<\/div><\/div><\/div><div class=\"fusion-panel panel-default fusion-faq-post fusion-faq-post-1105 hpv-faq \"><span class=\"entry-title rich-snippet-hidden\">EN TANT QUE PATIENTE, QUE PUIS-JE FAIRE POUR \u00c9LIMINER LE VIRUS OU R\u00c9DUIRE LE RISQUE DE D\u00c9VELOPPER DES L\u00c9SIONS DU COL DE L\u2019UT\u00c9RUS ?<\/span><span class=\"vcard rich-snippet-hidden\"><span class=\"fn\"><a href=\"https:\/\/www.colpofix.com\/fr\/author\/wpa_cpx\/\" title=\"Articles par Colpofix\" rel=\"author\">Colpofix<\/a><\/span><\/span><span class=\"updated rich-snippet-hidden\">2021-09-17T14:25:26+02:00<\/span><div class=\"panel-heading\"><h4 class=\"panel-title toggle\"><a data-toggle=\"collapse\" class=\"collapsed\" data-target=\"#collapse-1-1105\" href=\"#collapse-1-1105\"><div class=\"fusion-toggle-icon-wrapper\"><div class=\"fusion-toggle-icon-wrapper-main\"><div class=\"fusion-toggle-icon-wrapper-sub\"><i class=\"fa-fusion-box\" aria-hidden=\"true\"><\/i><\/div><\/div><\/div><div class=\"fusion-toggle-heading\">EN TANT QUE PATIENTE, QUE PUIS-JE FAIRE POUR \u00c9LIMINER LE VIRUS OU R\u00c9DUIRE LE RISQUE DE D\u00c9VELOPPER DES L\u00c9SIONS DU COL DE L\u2019UT\u00c9RUS ?<\/div><\/a><\/h4><\/div><div id=\"collapse-1-1105\" class=\"panel-collapse collapse\"><div class=\"panel-body toggle-content post-content\"><p>Les infections \u00e0 HPV disparaissent g\u00e9n\u00e9ralement naturellement gr\u00e2ce \u00e0 notre r\u00e9ponse immunitaire. Pour cette raison, un syst\u00e8me immunitaire efficace et une sant\u00e9 vaginale optimale sont de premi\u00e8re importance pour aider \u00e0 lutter contre l\u2019infection \u00e0 HPV, ainsi que pour r\u00e9duire le risque d\u2019infection par d\u2019autres agents pathog\u00e8nes.<\/p>\n<p>Avoir un mode de vie sain compte aussi. La tabagisme et la consommation d\u2019alcool peuvent augmenter le risque d\u2019une infection \u00e0 HPV durable et faciliter le d\u00e9veloppement de l\u00e9sions du col de l\u2019ut\u00e9rus.<\/p>\n<\/div><\/div><\/div><\/div><\/div><\/div><\/div><\/div><style type=\"text\/css\">.fusion-body .fusion-builder-column-0{width:100% !important;margin-top : 0px;margin-bottom : 0px;}.fusion-builder-column-0 > .fusion-column-wrapper {padding-top : 0px !important;padding-right : 0px !important;margin-right : 1.92%;padding-bottom : 0px !important;padding-left : 0px !important;margin-left : 1.92%;}@media only screen and (max-width:1024px) {.fusion-body .fusion-builder-column-0{width:100% !important;order : 0;}.fusion-builder-column-0 > .fusion-column-wrapper {margin-right : 1.92%;margin-left : 1.92%;}}@media only screen and (max-width:640px) {.fusion-body .fusion-builder-column-0{width:100% !important;order : 0;}.fusion-builder-column-0 > .fusion-column-wrapper {margin-right : 1.92%;margin-left : 1.92%;}}<\/style><\/div><\/div><style type=\"text\/css\">.fusion-body .fusion-flex-container.fusion-builder-row-1{ padding-top : 0px;margin-top : 0px;padding-right : 0px;padding-bottom : 0px;margin-bottom : 0px;padding-left : 0px;}<\/style><\/div>\n","protected":false},"excerpt":{"rendered":"","protected":false},"author":1,"featured_media":0,"parent":0,"menu_order":0,"comment_status":"closed","ping_status":"closed","template":"","meta":[],"_links":{"self":[{"href":"https:\/\/www.colpofix.com\/fr\/wp-json\/wp\/v2\/pages\/192"}],"collection":[{"href":"https:\/\/www.colpofix.com\/fr\/wp-json\/wp\/v2\/pages"}],"about":[{"href":"https:\/\/www.colpofix.com\/fr\/wp-json\/wp\/v2\/types\/page"}],"author":[{"embeddable":true,"href":"https:\/\/www.colpofix.com\/fr\/wp-json\/wp\/v2\/users\/1"}],"replies":[{"embeddable":true,"href":"https:\/\/www.colpofix.com\/fr\/wp-json\/wp\/v2\/comments?post=192"}],"version-history":[{"count":0,"href":"https:\/\/www.colpofix.com\/fr\/wp-json\/wp\/v2\/pages\/192\/revisions"}],"wp:attachment":[{"href":"https:\/\/www.colpofix.com\/fr\/wp-json\/wp\/v2\/media?parent=192"}],"curies":[{"name":"wp","href":"https:\/\/api.w.org\/{rel}","templated":true}]}}