{"id":483,"date":"2021-06-02T11:46:04","date_gmt":"2021-06-02T09:46:04","guid":{"rendered":"http:\/\/localhost\/Colpofix_Multisite_Test\/?page_id=483"},"modified":"2021-06-02T11:46:04","modified_gmt":"2021-06-02T09:46:04","slug":"mentions-legales","status":"publish","type":"page","link":"https:\/\/www.colpofix.com\/fr\/mentions-legales\/","title":{"rendered":"MENTIONS L\u00c9GALES"},"content":{"rendered":"<p><div class=\"fusion-fullwidth fullwidth-box fusion-builder-row-1 fusion-flex-container nonhundred-percent-fullwidth non-hundred-percent-height-scrolling\" style=\"background-color: rgba(255,255,255,0);background-position: left top;background-repeat: no-repeat;border-width: 0px 0px 0px 0px;border-color:#e2e2e2;border-style:solid;\" ><div class=\"fusion-builder-row fusion-row fusion-flex-align-items-flex-start\" style=\"max-width:1185.6px;margin-left: calc(-4% \/ 2 );margin-right: calc(-4% \/ 2 );\"><div class=\"fusion-layout-column fusion_builder_column fusion-builder-column-0 fusion_builder_column_1_1 1_1 fusion-flex-column\"><div class=\"fusion-column-wrapper fusion-flex-justify-content-flex-start fusion-content-layout-column\" style=\"background-position:left top;background-repeat:no-repeat;-webkit-background-size:cover;-moz-background-size:cover;-o-background-size:cover;background-size:cover;padding: 0px 0px 0px 0px;\"><style type=\"text\/css\">@media only screen and (max-width:1024px) {.fusion-title.fusion-title-1{margin-top:10px!important; margin-right:!important;margin-bottom:15px!important;margin-left:!important;}}@media only screen and (max-width:640px) {.fusion-title.fusion-title-1{margin-top:10px!important; margin-right:!important;margin-bottom:10px!important; margin-left:!important;}}<\/style><div class=\"fusion-title title fusion-title-1 fusion-sep-none fusion-title-center fusion-title-text fusion-title-size-one\" style=\"margin-top:10px;margin-bottom:15px;\"><h1 class=\"title-heading-center fusion-responsive-typography-calculated\" style=\"margin:0;--fontSize:40;line-height:1.16;\">Mentions l\u00e9gales et CGU<\/h1><\/div><div class=\"fusion-separator\" style=\"align-self: center;margin-left: auto;margin-right: auto;margin-bottom:30px;width:100%;max-width:115px;\"><div class=\"fusion-separator-border sep-single sep-solid\" style=\"border-color:#8ca1b2;border-top-width:2px;\"><\/div><\/div><\/div><style type=\"text\/css\">.fusion-body .fusion-builder-column-0{width:100% !important;margin-top : 0px;margin-bottom : 0px;}.fusion-builder-column-0 > .fusion-column-wrapper {padding-top : 0px !important;padding-right : 0px !important;margin-right : 1.92%;padding-bottom : 0px !important;padding-left : 0px !important;margin-left : 1.92%;}@media only screen and (max-width:1024px) {.fusion-body .fusion-builder-column-0{width:100% !important;order : 0;}.fusion-builder-column-0 > .fusion-column-wrapper {margin-right : 1.92%;margin-left : 1.92%;}}@media only screen and (max-width:640px) {.fusion-body .fusion-builder-column-0{width:100% !important;order : 0;}.fusion-builder-column-0 > .fusion-column-wrapper {margin-right : 1.92%;margin-left : 1.92%;}}<\/style><\/div><\/div><style type=\"text\/css\">.fusion-body .fusion-flex-container.fusion-builder-row-1{ padding-top : 0px;margin-top : 0px;padding-right : 0px;padding-bottom : 0px;margin-bottom : 0px;padding-left : 0px;}<\/style><\/div><div class=\"fusion-fullwidth fullwidth-box fusion-builder-row-2 fusion-flex-container nonhundred-percent-fullwidth non-hundred-percent-height-scrolling\" style=\"background-color: rgba(255,255,255,0);background-position: center center;background-repeat: no-repeat;border-width: 0px 0px 0px 0px;border-color:#e2e2e2;border-style:solid;\" ><div class=\"fusion-builder-row fusion-row fusion-flex-align-items-flex-start\" style=\"max-width:1185.6px;margin-left: calc(-4% \/ 2 );margin-right: calc(-4% \/ 2 );\"><div class=\"fusion-layout-column fusion_builder_column fusion-builder-column-1 fusion_builder_column_1_1 1_1 fusion-flex-column\"><div class=\"fusion-column-wrapper fusion-flex-justify-content-flex-start fusion-content-layout-column\" style=\"background-position:left top;background-repeat:no-repeat;-webkit-background-size:cover;-moz-background-size:cover;-o-background-size:cover;background-size:cover;padding: 0px 0px 0px 0px;\"><div class=\"fusion-text fusion-text-1\"><p>Conform\u00e9ment \u00e0 la loi fran\u00e7aise n\u00b02004-575 du 21 juin 2004 pour la confiance dans l&rsquo;\u00e9conomie num\u00e9rique, l\u2019utilisateur du site web (ci-apr\u00e8s, \u00ab\u00a0l\u2019Utilisateur\u00a0\u00bb) est inform\u00e9 que le propri\u00e9taire de la section d\u00e9di\u00e9e \u00e0 un public fran\u00e7ais du site web COLPOFIX\u00ae &#8211; <a href=\"https:\/\/www.colpofix.com\/fr\">www.colpofix.com\/fr<\/a> (ci-apr\u00e8s, le \u00ab\u00a0Site\u00a0\u00bb) est la soci\u00e9t\u00e9 IPRAD (ci-apr\u00e8s, \u00ab\u00a0l\u2019Editeur\u00a0\u00bb), dont les donn\u00e9es d&rsquo;identification sont les suivantes :<\/p>\n<ul>\n<li>D\u00e9nomination sociale\u00a0: LABORATOIRES IPRAD PHARMA<\/li>\n<li>Forme juridique\u00a0: soci\u00e9t\u00e9 par actions simplifi\u00e9e \u00e0 associ\u00e9 unique (SASU)<\/li>\n<li>Adresse du si\u00e8ge social : <span lang=\"EN-US\">22 rue des Aqueducs 94250 Gentilly FRANCE<\/span><\/li>\n<li>Montant du capital social\u00a0: 150 000 euros<\/li>\n<li>N\u00b0 d\u2019immatriculation au RCS (*) de Cr\u00e9teil\u00a0: B 572 048 874<\/li>\n<li>N\u00b0 de t\u00e9l\u00e9phone\u00a0: +33 (0)1 42 49 57 57<\/li>\n<li>N\u00b0 d\u2019identification fiscale (n\u00b0 de TVA intracommunautaire)\u00a0: FR33572048874<\/li>\n<li>Identit\u00e9 de l\u2019h\u00e9bergeur\u00a0:\n<ul>\n<li>[Nom ou d\u00e9nomination sociale]\u00a0: Uriach Consumer Healthcare, S.L.<\/li>\n<li>[Adresse postale]\u00a0: Avinguda del Cam\u00ed Reial, 51, 08184 Palau-solit\u00e0 i Plegamans, Barcelona<\/li>\n<\/ul>\n<\/li>\n<\/ul>\n<p><em>(*) RCS\u00a0: Registre du commerce et des soci\u00e9t\u00e9s<\/em><\/p>\n<p>L&rsquo;Utilisateur peut contacter l\u2019Editeur \u00e0 travers la rubrique Contact (situ\u00e9e dans le pied de page du Site) ou en envoyant une lettre par courrier \u00e0 l&rsquo;adresse postale indiqu\u00e9e ci-dessus ou par t\u00e9l\u00e9phone\u00a0: +33 (0)1 42 49 57 57.<\/p>\n<p><strong>Conditions g\u00e9n\u00e9rales d\u2019utilisation (CGU)<\/strong><\/p>\n<p><strong>1. Acc\u00e8s et fonctionnement du Site<\/strong><\/p>\n<p>Les Conditions g\u00e9n\u00e9rales d\u2019utilisation (ci-apr\u00e8s, les \u00ab\u00a0CGU\u00a0\u00bb) r\u00e9gissent l\u2019acc\u00e8s et l\u2019utilisation de l\u2019Utilisateur au Site, dont le but est de faire la publicit\u00e9 des services et des produits de l\u2019Editeur, ainsi que de permettre un acc\u00e8s g\u00e9n\u00e9ral \u00e0 tous les utilisateurs d\u2019Internet.<\/p>\n<p><strong>2. Utilisation du Site<\/strong><\/p>\n<p>L\u2019Utilisateur s\u2019engage \u00e0 faire un bon usage des contenus du Site et est tenu de :<\/p>\n<p style=\"padding-left: 40px\">I. Fournir les informations demand\u00e9es dans les diff\u00e9rents formulaires de bonne foi et avec exactitude, et maintenir ces donn\u00e9es \u00e0 jour chaque fois qu\u2019il utilise le Site ;<\/p>\n<p style=\"padding-left: 40px\">II. Ne pas participer \u00e0 des activit\u00e9s illicites, ill\u00e9gales ou contraires \u00e0 la bonne foi et \u00e0 l\u2019ordre public ;<\/p>\n<p style=\"padding-left: 40px\">III. Ne pas diffuser de contenu ou de propagande \u00e0 caract\u00e8re raciste, x\u00e9nophobe ou discriminatoire fond\u00e9 sur la race, le sexe, l\u2019id\u00e9ologie ou la religion, ou qui contrevienne de quelque mani\u00e8re que ce soit \u00e0 la morale, \u00e0 l\u2019ordre public, aux droits fondamentaux, aux libert\u00e9s publiques, \u00e0 l\u2019honneur, \u00e0 la confidentialit\u00e9 ou \u00e0 l\u2019image de tiers, et \u00e0 la r\u00e9glementation en vigueur en g\u00e9n\u00e9ral ;<\/p>\n<p style=\"padding-left: 40px\">IV. Ne pas causer de dommages aux syst\u00e8mes physiques et logiques du Site, qui appartiennent aux prestataires ou fournisseurs tiers de l\u2019Editeur, ni introduire ou propager des virus informatiques ou tout autre syst\u00e8me physique ou logique pouvant causer les dommages susmentionn\u00e9s ;<\/p>\n<p style=\"padding-left: 40px\">V. Ne pas utiliser les contenus du Site et ses informations pour envoyer de la publicit\u00e9 ou adresser des messages \u00e0 d\u2019autres fins commerciales, ou pour collecter ou stocker des donn\u00e9es \u00e0 caract\u00e8re personnel de tiers ;<\/p>\n<p style=\"padding-left: 40px\">VI. Ne pas tenter d\u2019acc\u00e9der et, le cas \u00e9ch\u00e9ant, d\u2019utiliser les comptes de messagerie d\u2019autres utilisateurs, et de modifier ou manipuler leurs messages.<\/p>\n<p>L\u2019Editeur se r\u00e9serve le droit d\u2019apporter les modifications qu\u2019il juge appropri\u00e9es au Site sans pr\u00e9avis. Il est par ailleurs habilit\u00e9 \u00e0 modifier, supprimer ou ajouter le contenu et les services qu\u2019il fournit par l\u2019interm\u00e9diaire du Site, et la mani\u00e8re dont ceux-ci sont pr\u00e9sent\u00e9s ou localis\u00e9s sur celui-ci. En consid\u00e9ration de ce qui vient d\u2019\u00eatre expos\u00e9, l\u2019Editeur recommande \u00e0 l\u2019Utilisateur de v\u00e9rifier r\u00e9guli\u00e8rement ces points.<\/p>\n<p><strong>3. Responsabilit\u00e9<\/strong><\/p>\n<p>a) Responsabilit\u00e9 du fait de l\u2019utilisation du Site : l\u2019Utilisateur est seul responsable des infractions ou des dommages pouvant r\u00e9sulter de son utilisation du Site, et l\u2019Editeur est exon\u00e9r\u00e9 de tout type de responsabilit\u00e9 pouvant d\u00e9couler des actions de l\u2019Utilisateur.<\/p>\n<p>L\u2019Editeur d\u00e9ploiera tous les efforts et moyens raisonnables pour fournir des informations fiables et \u00e0 jour sur le Site. Toutefois, l\u2019Editeur ne garantit pas que les contenus accessibles par l\u2019interm\u00e9diaire du Site soient exempts d\u2019erreurs ou d\u2019\u00e9ventuelles inexactitudes et\/ou omissions.<\/p>\n<p>L\u2019Utilisateur est seul responsable de toute r\u00e9clamation ou action en justice, qu\u2019elle soit judiciaire ou extrajudiciaire, initi\u00e9e par des tiers contre l\u2019Editeur eu \u00e9gard \u00e0 l\u2019utilisation du Site par l\u2019Utilisateur. Le cas \u00e9ch\u00e9ant, l\u2019Utilisateur supportera les d\u00e9penses, frais et indemnisations engag\u00e9es par l\u2019Editeur du fait de ladite r\u00e9clamation ou action en justice.<\/p>\n<p>b) Responsabilit\u00e9 du fait du fonctionnement du Site : l\u2019Editeur est exon\u00e9r\u00e9 de toute responsabilit\u00e9 pouvant r\u00e9sulter de toute interf\u00e9rence, omission, interruption, virus informatique, panne de t\u00e9l\u00e9communication ou d\u00e9connexion pouvant intervenir dans le fonctionnement du syst\u00e8me \u00e9lectronique.<\/p>\n<p>De m\u00eame, l\u2019Editeur est \u00e9galement exon\u00e9r\u00e9 de toute responsabilit\u00e9 qui pourrait d\u00e9couler de retards ou de blocages dans le fonctionnement de ce syst\u00e8me \u00e9lectronique caus\u00e9s par des d\u00e9fauts ou une surcharge des lignes t\u00e9l\u00e9phoniques ou d\u2019Internet, ainsi que des dommages caus\u00e9s par des tiers par des interf\u00e9rences ill\u00e9gales qui \u00e9chappent \u00e0 son contr\u00f4le. L\u2019Editeur est en droit de suspendre temporairement, et sans pr\u00e9avis, l\u2019acc\u00e8s au Site pour des op\u00e9rations de maintenance, de r\u00e9paration, de mise \u00e0 jour ou d\u2019am\u00e9lioration.<\/p>\n<p>c) Responsabilit\u00e9 relative au contenu : l\u2019Editeur ne sera pas responsable, sauf dans les cas l\u00e9galement applicables, de toute perte ou dommage qui pourrait \u00eatre caus\u00e9 par l\u2019utilisation, la reproduction, la distribution ou la communication publique ou tout type d\u2019activit\u00e9 que l\u2019Utilisateur exerce ou entend exercer sur les textes et\/ou les photographies qui sont prot\u00e9g\u00e9s par des droits de propri\u00e9t\u00e9 intellectuelle appartenant \u00e0 des tiers, sans que l\u2019Utilisateur ait pr\u00e9alablement obtenu de leurs titulaires l\u2019autorisation n\u00e9cessaire.<\/p>\n<p>En outre, l\u2019Editeur ne sera pas responsable des informations envoy\u00e9es par l\u2019Utilisateur lorsqu\u2019il n\u2019a pas connaissance directe que lesdites informations enregistr\u00e9es sont ill\u00e9gales ou qu\u2019elles portent atteinte \u00e0 la propri\u00e9t\u00e9 ou aux droits d\u2019un tiers pouvant faire l\u2019objet d&rsquo;une indemnisation. D\u00e8s lors que l\u2019Editeur prend connaissance qu\u2019il h\u00e9berge le type de donn\u00e9es susmentionn\u00e9, il s\u2019engage \u00e0 agir avec diligence pour les supprimer ou en rendre l\u2019acc\u00e8s impossible.<\/p>\n<p>Quoi qu\u2019il en soit, pour d\u00e9poser une r\u00e9clamation li\u00e9e au contenu qui s\u2019affiche dans l\u2019une des rubriques du Site, l\u2019Utilisateur peut contacter l\u2019Editeur par l\u2019un des moyens indiqu\u00e9s dans les Mentions l\u00e9gales ci-dessus.<\/p>\n<p><strong>4. Liens tiers <\/strong><\/p>\n<p>a) Liens vers le Site : les tiers qui entendent inclure un lien sur leur site web vers le Site devront se conformer \u00e0 la l\u00e9gislation en vigueur et ne peuvent pas h\u00e9berger de contenu inappropri\u00e9 et\/ou ill\u00e9gal. L\u2019Editeur ne saurait en aucun cas \u00eatre responsable du contenu du site web d\u2019un tiers. Lesdits liens ne signifient en aucun cas que l\u2019Editeur promeut, garantit, supervise ou recommande le contenu dudit site web tiers. Dans le cas o\u00f9 le site web de redirection enfreint l\u2019une quelconque des dispositions susmentionn\u00e9es, l\u2019\u00e9diteur de ce site web sera oblig\u00e9 de supprimer le lien imm\u00e9diatement.<\/p>\n<p>b) Liens depuis le Site : le Site peut inclure des liens qui permettent \u00e0 l\u2019Utilisateur d\u2019acc\u00e9der \u00e0 des sites web tiers. Nonobstant ce qui pr\u00e9c\u00e8de, l\u2019Editeur ne saurait \u00eatre responsable du contenu desdits sites web li\u00e9s. En revanche, il incombe \u00e0 l\u2019Utilisateur d\u2019accepter et de v\u00e9rifier l\u2019acc\u00e8s \u00e0 chaque fois qu\u2019il acc\u00e8de au dit site web. Les pr\u00e9sentes CGU se r\u00e9f\u00e8rent uniquement au Site de l\u2019Editeur et \u00e0 son contenu ; elles ne s\u2019appliquent pas aux liens ou aux sites web de tiers accessibles par l\u2019interm\u00e9diaire du Site.<\/p>\n<p>Lesdits liens ou r\u00e9f\u00e9rences ont une finalit\u00e9 qui ne suppose pas le soutien, l\u2019approbation, la commercialisation ou toute relation quelconque entre l\u2019Editeur et les personnes ou les entit\u00e9s qui sont propri\u00e9taires des sites sur lesquels ils se trouvent.<\/p>\n<p><strong>5. Droits de propri\u00e9t\u00e9 intellectuelle et industrielle sur le contenu<\/strong><\/p>\n<p>L\u2019int\u00e9gralit\u00e9 du contenu du Site, sauf disposition contraire, est la propri\u00e9t\u00e9 exclusive de l\u2019Editeur ou de ses soci\u00e9t\u00e9s affili\u00e9es, y compris mais non de fa\u00e7on limitative, la conception graphique, le code source, les logos, les textes, les graphiques, les illustrations, les photographies et les autres \u00e9l\u00e9ments qui apparaissent sur le Site. De m\u00eame, tous les noms commerciaux, marques ou signes distinctifs de toute nature pr\u00e9sents sur le Site, sont prot\u00e9g\u00e9s par la loi.<\/p>\n<p>L\u2019Editeur n\u2019accorde \u00e0 l\u2019Utilisateur aucun type de licence ou autorisation pour l\u2019usage personnel de ses droits de propri\u00e9t\u00e9 intellectuelle et industrielle ou de tout autre droit li\u00e9 au Site et aux services qui y sont propos\u00e9s.<\/p>\n<p>En consid\u00e9ration de ce qui vient d\u2019\u00eatre expos\u00e9, l\u2019Utilisateur reconna\u00eet que la reproduction, la distribution, la commercialisation, la transformation et, en g\u00e9n\u00e9ral, tout autre forme d\u2019exploitation, par quelque proc\u00e9d\u00e9 que ce soit, de tout ou partie du contenu du Site, constituent une atteinte aux droits de propri\u00e9t\u00e9 intellectuelle et\/ou industrielle de l\u2019Editeur ou de leur titulaire.<\/p>\n<p><strong>6. Publicit\u00e9<\/strong><\/p>\n<p>Le Site peut h\u00e9berger de la publicit\u00e9 ou du contenu sponsoris\u00e9. Les annonceurs ou les sponsors sont seuls responsables de la v\u00e9rification de la conformit\u00e9 du mat\u00e9riel soumis pour inclusion sur le Site avec les lois qui peuvent \u00eatre applicables dans chaque cas.<\/p>\n<p>L\u2019Editeur n\u2019est pas responsable de toute erreur, inexactitude ou irr\u00e9gularit\u00e9 pouvant figurer dans le contenu publicitaire des sponsors. Quoi qu&rsquo;il en soit, pour d\u00e9poser une r\u00e9clamation li\u00e9e au contenu publicitaire pr\u00e9sent sur le Site, l\u2019Utilisateur peut contacter l\u2019Editeur par l\u2019un des moyens indiqu\u00e9s dans les Mentions l\u00e9gales ci-dessus.<\/p>\n<p><strong>7. Traitement des donn\u00e9es \u00e0 caract\u00e8re personnel<\/strong><\/p>\n<p>Pour savoir quel traitement l\u2019Editeur effectuera sur les donn\u00e9es \u00e0 caract\u00e8re personnel qui sont compil\u00e9es par l\u2019interm\u00e9diaire du Site, l\u2019Utilisateur peut consulter la Politique de protection des donn\u00e9es (situ\u00e9e dans le pied de page du Site). L\u2019Utilisateur doit lire ce texte juridique avec attention avant de communiquer \u00e0 l\u2019Editeur ses informations \u00e0 caract\u00e8re personnel.<\/p>\n<p><strong>8. Droit applicable<\/strong><\/p>\n<p>Les pr\u00e9sentes CGU sont r\u00e9gies et interpr\u00e9t\u00e9es selon le droit fran\u00e7ais.<\/p>\n<p>La r\u00e9solution de tout diff\u00e9rend pouvant na\u00eetre entre les parties \u00e0 propos de l\u2019acc\u00e8s au Site sera soumise \u00e0 la juridiction comp\u00e9tente du lieu o\u00f9 demeure l\u2019Utilisateur.<\/p>\n<p>L\u2019Editeur se r\u00e9serve le droit d\u2019intenter une action en justice pour toute violation des pr\u00e9sentes CGU, ainsi que toute utilisation abusive du Site, au moyen de toutes formes de proc\u00e9dures civiles et p\u00e9nales pouvant \u00eatre applicables en vertu de la loi.<\/p>\n<p><strong>9. Contact<\/strong><\/p>\n<p>Pour toute question ou commentaire sur les pr\u00e9sentes CGU, l\u2019Utilisateur peut contacter l\u2019Editeur par l\u2019un des moyens indiqu\u00e9s dans les Mentions l\u00e9gales ci-dessus.<\/p>\n<\/div><\/div><style type=\"text\/css\">.fusion-body .fusion-builder-column-1{width:100% !important;margin-top : 0px;margin-bottom : 20px;}.fusion-builder-column-1 > .fusion-column-wrapper {padding-top : 0px !important;padding-right : 0px !important;margin-right : 1.92%;padding-bottom : 0px !important;padding-left : 0px !important;margin-left : 1.92%;}@media only screen and (max-width:1024px) {.fusion-body .fusion-builder-column-1{width:100% !important;order : 0;}.fusion-builder-column-1 > .fusion-column-wrapper {margin-right : 1.92%;margin-left : 1.92%;}}@media only screen and (max-width:640px) {.fusion-body .fusion-builder-column-1{width:100% !important;order : 0;}.fusion-builder-column-1 > .fusion-column-wrapper {margin-right : 1.92%;margin-left : 1.92%;}}<\/style><\/div><\/div><style type=\"text\/css\">.fusion-body .fusion-flex-container.fusion-builder-row-2{ padding-top : 0px;margin-top : 0px;padding-right : 0px;padding-bottom : 0px;margin-bottom : 0px;padding-left : 0px;}<\/style><\/div><\/p>\n","protected":false},"excerpt":{"rendered":"","protected":false},"author":1,"featured_media":0,"parent":0,"menu_order":0,"comment_status":"closed","ping_status":"closed","template":"","meta":[],"_links":{"self":[{"href":"https:\/\/www.colpofix.com\/fr\/wp-json\/wp\/v2\/pages\/483"}],"collection":[{"href":"https:\/\/www.colpofix.com\/fr\/wp-json\/wp\/v2\/pages"}],"about":[{"href":"https:\/\/www.colpofix.com\/fr\/wp-json\/wp\/v2\/types\/page"}],"author":[{"embeddable":true,"href":"https:\/\/www.colpofix.com\/fr\/wp-json\/wp\/v2\/users\/1"}],"replies":[{"embeddable":true,"href":"https:\/\/www.colpofix.com\/fr\/wp-json\/wp\/v2\/comments?post=483"}],"version-history":[{"count":0,"href":"https:\/\/www.colpofix.com\/fr\/wp-json\/wp\/v2\/pages\/483\/revisions"}],"wp:attachment":[{"href":"https:\/\/www.colpofix.com\/fr\/wp-json\/wp\/v2\/media?parent=483"}],"curies":[{"name":"wp","href":"https:\/\/api.w.org\/{rel}","templated":true}]}}