{"id":485,"date":"2021-06-02T11:52:34","date_gmt":"2021-06-02T09:52:34","guid":{"rendered":"http:\/\/localhost\/Colpofix_Multisite_Test\/?page_id=485"},"modified":"2024-06-13T13:26:38","modified_gmt":"2024-06-13T11:26:38","slug":"cookies","status":"publish","type":"page","link":"https:\/\/www.colpofix.com\/fr\/cookies\/","title":{"rendered":"COOKIES"},"content":{"rendered":"<p><div class=\"fusion-fullwidth fullwidth-box fusion-builder-row-1 fusion-flex-container nonhundred-percent-fullwidth non-hundred-percent-height-scrolling\" style=\"background-color: rgba(255,255,255,0);background-position: left top;background-repeat: no-repeat;border-width: 0px 0px 0px 0px;border-color:#e2e2e2;border-style:solid;\" ><div class=\"fusion-builder-row fusion-row fusion-flex-align-items-flex-start\" style=\"max-width:1185.6px;margin-left: calc(-4% \/ 2 );margin-right: calc(-4% \/ 2 );\"><div class=\"fusion-layout-column fusion_builder_column fusion-builder-column-0 fusion_builder_column_1_1 1_1 fusion-flex-column\"><div class=\"fusion-column-wrapper fusion-flex-justify-content-flex-start fusion-content-layout-column\" style=\"background-position:left top;background-repeat:no-repeat;-webkit-background-size:cover;-moz-background-size:cover;-o-background-size:cover;background-size:cover;padding: 0px 0px 0px 0px;\"><style type=\"text\/css\">@media only screen and (max-width:1024px) {.fusion-title.fusion-title-1{margin-top:10px!important; margin-right:!important;margin-bottom:15px!important;margin-left:!important;}}@media only screen and (max-width:640px) {.fusion-title.fusion-title-1{margin-top:10px!important; margin-right:!important;margin-bottom:10px!important; margin-left:!important;}}<\/style><div class=\"fusion-title title fusion-title-1 fusion-sep-none fusion-title-center fusion-title-text fusion-title-size-one\" style=\"margin-top:10px;margin-bottom:15px;\"><h1 class=\"title-heading-center fusion-responsive-typography-calculated\" style=\"margin:0;--fontSize:40;line-height:1.16;\">Politique des cookies<\/h1><\/div><div class=\"fusion-separator\" style=\"align-self: center;margin-left: auto;margin-right: auto;margin-bottom:30px;width:100%;max-width:115px;\"><div class=\"fusion-separator-border sep-single sep-solid\" style=\"border-color:#8ca1b2;border-top-width:2px;\"><\/div><\/div><\/div><style type=\"text\/css\">.fusion-body .fusion-builder-column-0{width:100% !important;margin-top : 0px;margin-bottom : 0px;}.fusion-builder-column-0 > .fusion-column-wrapper {padding-top : 0px !important;padding-right : 0px !important;margin-right : 1.92%;padding-bottom : 0px !important;padding-left : 0px !important;margin-left : 1.92%;}@media only screen and (max-width:1024px) {.fusion-body .fusion-builder-column-0{width:100% !important;order : 0;}.fusion-builder-column-0 > .fusion-column-wrapper {margin-right : 1.92%;margin-left : 1.92%;}}@media only screen and (max-width:640px) {.fusion-body .fusion-builder-column-0{width:100% !important;order : 0;}.fusion-builder-column-0 > .fusion-column-wrapper {margin-right : 1.92%;margin-left : 1.92%;}}<\/style><\/div><\/div><style type=\"text\/css\">.fusion-body .fusion-flex-container.fusion-builder-row-1{ padding-top : 0px;margin-top : 0px;padding-right : 0px;padding-bottom : 0px;margin-bottom : 0px;padding-left : 0px;}<\/style><\/div><div class=\"fusion-fullwidth fullwidth-box fusion-builder-row-2 fusion-flex-container nonhundred-percent-fullwidth non-hundred-percent-height-scrolling fusion-no-small-visibility\" style=\"background-color: rgba(255,255,255,0);background-position: center center;background-repeat: no-repeat;border-width: 0px 0px 0px 0px;border-color:#e2e2e2;border-style:solid;\" ><div class=\"fusion-builder-row fusion-row fusion-flex-align-items-flex-start\" style=\"max-width:1185.6px;margin-left: calc(-4% \/ 2 );margin-right: calc(-4% \/ 2 );\"><div class=\"fusion-layout-column fusion_builder_column fusion-builder-column-1 fusion_builder_column_1_1 1_1 fusion-flex-column\"><div class=\"fusion-column-wrapper fusion-flex-justify-content-flex-start fusion-content-layout-column\" style=\"background-position:left top;background-repeat:no-repeat;-webkit-background-size:cover;-moz-background-size:cover;-o-background-size:cover;background-size:cover;padding: 0px 0px 0px 0px;\"><div class=\"fusion-text fusion-text-1\"><p><strong>1. Que sont les cookies ?<\/strong><\/p>\n<p>Les <em>cookies<\/em> sont de petits fichiers de donn\u00e9es qui sont install\u00e9s sur votre appareil par des sites web pour, entre autres, permettre leur utilisation, conna\u00eetre les habitudes de navigation de l\u2019utilisateur et am\u00e9liorer l\u2019exp\u00e9rience utilisateur lors de futures visites.<\/p>\n<p><strong>2. Quels types de cookies utilisons-nous ?<\/strong><\/p>\n<p>Les types de <em>cookies<\/em> utilis\u00e9s lors de la navigation sur la section d\u00e9di\u00e9e \u00e0 un public fran\u00e7ais du site web COLPOFIX\u00ae &#8211; <a href=\"https:\/\/www.colpofix.com\/fr\">www.colpofix.com\/fr<\/a> (ci-apr\u00e8s, le \u00ab Site \u00bb) sont d\u00e9taill\u00e9s ci-dessous.<\/p>\n<p><u>Selon l\u2019entit\u00e9 qui les g\u00e8re <\/u>:<\/p>\n<ul>\n<li>Cookies propres : ils sont envoy\u00e9s \u00e0 l&rsquo;\u00e9quipement terminal de l&rsquo;utilisateur depuis un ordinateur ou un domaine g\u00e9r\u00e9 par l&rsquo;\u00e9diteur lui-m\u00eame et \u00e0 partir duquel le service demand\u00e9 par l&rsquo;utilisateur est fourni.<\/li>\n<li>Cookies tiers : ils sont envoy\u00e9s \u00e0 l&rsquo;\u00e9quipement terminal de l&rsquo;utilisateur \u00e0 partir d&rsquo;un ordinateur ou d&rsquo;un domaine qui n&rsquo;est pas g\u00e9r\u00e9 par l&rsquo;\u00e9diteur, mais par une autre entit\u00e9 qui traite les donn\u00e9es obtenues \u00e0 travers les cookies.<\/li>\n<\/ul>\n<p><u>Selon la dur\u00e9e pendant laquelle ils restent actifs <\/u>:<\/p>\n<ul>\n<li>Cookies de session : ils collectent et stockent des donn\u00e9es pendant que l&rsquo;utilisateur acc\u00e8de au site web.<\/li>\n<li>Cookies persistants : ils collectent et stockent des donn\u00e9es dans le terminal et sont consult\u00e9s et trait\u00e9s pendant la p\u00e9riode d\u00e9finie.<\/li>\n<\/ul>\n<p><u>Selon la finalit\u00e9 <\/u><\/p>\n<ul>\n<li>Cookies techniques : ils permettent de naviguer sur le site web et d&rsquo;utiliser les diff\u00e9rents services qui y existent, d&rsquo;interagir avec le Site et d&rsquo;acc\u00e9der au service selon des caract\u00e9ristiques pr\u00e9d\u00e9finies.<\/li>\n<li>Cookies analytiques : Les cookies analytiques sont utilis\u00e9s pour comprendre comment les visiteurs interagissent avec le site web. Ces cookies permettent de fournir des informations sur les m\u00e9triques le nombre de visiteurs, le taux de rebond, la source de trafic, etc.<\/li>\n<\/ul>\n<p>Veuillez trouver ci-dessous la liste des cookies sp\u00e9cifiques utilis\u00e9s par le Site :<\/p>\n<table class=\"tablelegal\" width=\"95%\">\n<tbody>\n<tr>\n<td style=\"text-align: center;\" width=\"20%\"><strong>Cookies<\/strong><\/td>\n<td style=\"text-align: center;\" width=\"40%\"><strong>Finalit\u00e9<\/strong><\/td>\n<td style=\"text-align: center;\" width=\"20%\"><strong>Dur\u00e9e<\/strong><\/td>\n<td style=\"text-align: center;\" width=\"20%\"><strong>Origine<\/strong><\/td>\n<\/tr>\n<tr>\n<td width=\"20%\">cmplz_banner_status<\/td>\n<td width=\"40%\">Ce cookie est d\u00e9fini par Complianz &#8211; GDPR\/CCPA Cookie Consent plugin. Ce cookie est utilis\u00e9 pour enregistrer si un message a \u00e9t\u00e9 rejet\u00e9.<\/td>\n<td style=\"text-align: center;\" width=\"20%\">30 jours<\/td>\n<td style=\"text-align: center;\" width=\"20%\">Cookies propres<\/td>\n<\/tr>\n<tr>\n<td width=\"20%\">cmplz_policy_id<\/td>\n<td width=\"40%\">Ce cookie est d\u00e9fini par Complianz &#8211; GDPR\/CCPA Cookie Consent plugin. Le cookie est utilis\u00e9 pour stocker l&rsquo;ID de la politique de cookies accept\u00e9e.<\/td>\n<td style=\"text-align: center;\" width=\"20%\">30 jours<\/td>\n<td style=\"text-align: center;\" width=\"20%\">Cookies propres<\/td>\n<\/tr>\n<tr>\n<td width=\"20%\">cmplz_consented_services,\u00a0 cmplz_functional, cmplz_marketing, cmplz_preferences, cmplz_statistics, cmplz_event_*<\/td>\n<td width=\"40%\">Ces cookies sont d\u00e9finis par Complianz &#8211; plugin de consentement aux cookies GDPR\/CCPA. Les cookies sont utilis\u00e9s pour stocker les pr\u00e9f\u00e9rences de consentement aux cookies.<\/td>\n<td style=\"text-align: center;\" width=\"20%\">30 jours<\/td>\n<td style=\"text-align: center;\" width=\"20%\">Cookies propres<\/td>\n<\/tr>\n<p><!--\n\n\n\n\n<tr>\n\n\n\n\n<td width=\"20%\">_ga<\/td>\n\n\n\n\n\n\n\n\n<td width=\"40%\">This cookie is installed by Google Analytics. The cookie is used to calculate visitor, session, camapign data and keep track of site usage for the site's analytics report. The cookies store information anonymously and assigns a randoly generated number to identify unique visitors.<\/td>\n\n\n\n\n\n\n\n\n<td style=\"text-align: center\" width=\"20%\">Expires in 2 years<\/td>\n\n\n\n\n\n\n\n\n<td style=\"text-align: center\" width=\"20%\">Third-party cookie<\/td>\n\n\n\n\n<\/tr>\n\n\n\n\n\n\n\n\n<tr>\n\n\n\n\n<td width=\"20%\">_gat<\/td>\n\n\n\n\n\n\n\n\n<td width=\"40%\">This cookie is installed by Google Analytics. The cookie is used to throttle the request rate to limit the collection of data on high traffic sites.<\/td>\n\n\n\n\n\n\n\n\n<td style=\"text-align: left\" width=\"20%\">Expires when you close your browser or when log out<\/td>\n\n\n\n\n\n\n\n\n<td style=\"text-align: center\" width=\"20%\">Third-party cookie<\/td>\n\n\n\n\n<\/tr>\n\n\n\n\n\n\n\n\n<tr>\n\n\n\n\n<td width=\"20%\">_gid<\/td>\n\n\n\n\n\n\n\n\n<td width=\"40%\">This cookie is installed by Google Analytics. The cookie is used to store information of how visitors use a website and helps in creating an analytics report of how the wbsite is doing. The data collected including the number visitors, the source where they have come from, and the pages visited in an anonymous form.<\/td>\n\n\n\n\n\n\n\n\n<td style=\"text-align: center\" width=\"20%\">Expires in 24 hours<\/td>\n\n\n\n\n\n\n\n\n<td style=\"text-align: center\" width=\"20%\">Third-party cookie<\/td>\n\n\n\n\n<\/tr>\n\n\n\n\n--><!--\n\n\n\n\n<tr>\n\n\n\n\n<td width=\"33%\">rc::a<\/td>\n\n\n\n\n\n\n\n\n<td width=\"33%\">Google reCAPTCHA utiliza esta cookie para distinguir entre humanos y bots. Esto es beneficioso para el sitio web, tanto para filtrar posibles acciones de bots como para realizar informes v\u00e1lidos sobre el uso del sitio web.<\/td>\n\n\n\n\n\n\n\n\n<td width=\"33%\">Persistente<\/td>\n\n\n\n\n<\/tr>\n\n\n\n\n\n\n\n\n<tr>\n\n\n\n\n<td width=\"33%\">rc::b \/ rc::c<\/td>\n\n\n\n\n\n\n\n\n<td width=\"33%\">Google reCAPTCHA utiliza estas cookies para distinguir entre humanos y bots.<\/td>\n\n\n\n\n\n\n\n\n<td width=\"33%\">Sesi\u00f3n<\/td>\n\n\n\n\n<\/tr>\n\n\n\n\n\n\n\n\n<tr>\n\n\n\n\n<td width=\"33%\">NID<\/td>\n\n\n\n\n\n\n\n\n<td width=\"33%\">Un navegador env\u00eda esta cookie a trav\u00e9s de solicitudes a los sitios web de Google. La cookie NID contiene un ID \u00fanico que Google utiliza para recordar tus preferencias y otra informaci\u00f3n, como tu idioma preferido (por ejemplo, el espa\u00f1ol), el n\u00famero de resultados de b\u00fasqueda que quieres que se muestren por p\u00e1gina (por ejemplo, 10 o 20) y si quieres que el filtro SafeSearch de Google est\u00e9 activado o desactivado.<\/td>\n\n\n\n\n\n\n\n\n<td width=\"33%\">6 meses<\/td>\n\n\n\n\n<\/tr>\n\n\n\n\n--><\/tbody>\n<\/table>\n<p><strong>3. Comment sont g\u00e9r\u00e9s les cookies ?<\/strong><\/p>\n<p>L\u2019utilisateur peut choisir d\u2019autoriser, de bloquer ou de supprimer les cookies install\u00e9s dans la section \u00ab\u00a0Configurer les cookies\u00a0\u00bb.<\/p>\n<p>En revanche, la d\u00e9sactivation des cookies pourrait modifier le fonctionnement du Site.<\/p>\n<p>Veuillez consulter le mode d\u2019emploi de votre appareil pour plus d\u2019informations. Si vous bloquez l\u2019utilisation des cookies sur votre appareil, il est possible que certains services ou certaines fonctionnalit\u00e9s du Site ne soient pas disponibles.<\/p>\n<p>Si vous autorisez les cookies du Site souhaitez par la suite supprimer les cookies d\u00e9finis, reportez-vous au menu d\u2019aide de votre navigateur pour obtenir des instructions sur la fa\u00e7on de proc\u00e9der.<\/p>\n<p><strong>4. Mise \u00e0 jour de la Politique des cookies<\/strong><\/p>\n<p>Vous serez inform\u00e9(e) de toute modification apport\u00e9e aux caract\u00e9ristiques ou aux finalit\u00e9s d\u2019utilisation des cookies du Site, de fa\u00e7on \u00e0 obtenir \u00e0 nouveau votre consentement.<\/p>\n<\/div><\/div><style type=\"text\/css\">.fusion-body .fusion-builder-column-1{width:100% !important;margin-top : 0px;margin-bottom : 20px;}.fusion-builder-column-1 > .fusion-column-wrapper {padding-top : 0px !important;padding-right : 0px !important;margin-right : 1.92%;padding-bottom : 0px !important;padding-left : 0px !important;margin-left : 1.92%;}@media only screen and (max-width:1024px) {.fusion-body .fusion-builder-column-1{width:100% !important;order : 0;}.fusion-builder-column-1 > .fusion-column-wrapper {margin-right : 1.92%;margin-left : 1.92%;}}@media only screen and (max-width:640px) {.fusion-body .fusion-builder-column-1{width:100% !important;order : 0;}.fusion-builder-column-1 > .fusion-column-wrapper {margin-right : 1.92%;margin-left : 1.92%;}}<\/style><\/div><\/div><style type=\"text\/css\">.fusion-body .fusion-flex-container.fusion-builder-row-2{ padding-top : 0px;margin-top : 0px;padding-right : 0px;padding-bottom : 0px;margin-bottom : 0px;padding-left : 0px;}<\/style><\/div><div class=\"fusion-fullwidth fullwidth-box fusion-builder-row-3 fusion-flex-container nonhundred-percent-fullwidth non-hundred-percent-height-scrolling\" style=\"background-color: rgba(255,255,255,0);background-position: center center;background-repeat: no-repeat;border-width: 0px 0px 0px 0px;border-color:#e2e2e2;border-style:solid;\" ><div class=\"fusion-builder-row fusion-row fusion-flex-align-items-flex-start\" style=\"max-width:1185.6px;margin-left: calc(-4% \/ 2 );margin-right: calc(-4% \/ 2 );\"><div class=\"fusion-layout-column fusion_builder_column fusion-builder-column-2 fusion_builder_column_1_1 1_1 fusion-flex-column\"><div class=\"fusion-column-wrapper fusion-flex-justify-content-flex-start fusion-content-layout-column\" style=\"background-position:left top;background-repeat:no-repeat;-webkit-background-size:cover;-moz-background-size:cover;-o-background-size:cover;background-size:cover;padding: 0px 0px 0px 0px;\"><div class=\"fusion-text fusion-text-2 fusion-no-medium-visibility fusion-no-large-visibility\"><p><strong>1. Que sont les cookies ?<\/strong><\/p>\n<p>Les <em>cookies<\/em> sont de petits fichiers de donn\u00e9es qui sont install\u00e9s sur votre appareil par des sites web pour, entre autres, permettre leur utilisation, conna\u00eetre les habitudes de navigation de l\u2019utilisateur et am\u00e9liorer l\u2019exp\u00e9rience utilisateur lors de futures visites.<\/p>\n<p><strong>2. Quels types de cookies utilisons-nous ?<\/strong><\/p>\n<p>Les types de <em>cookies<\/em> utilis\u00e9s lors de la navigation sur la section d\u00e9di\u00e9e \u00e0 un public fran\u00e7ais du site web COLPOFIX\u00ae &#8211; <a href=\"https:\/\/www.colpofix.com\/fr\">www.colpofix.com\/fr<\/a> (ci-apr\u00e8s, le \u00ab Site \u00bb) sont d\u00e9taill\u00e9s ci-dessous.<\/p>\n<p><u>Selon l\u2019entit\u00e9 qui les g\u00e8re <\/u>:<\/p>\n<ul>\n<li>Cookies propres : ils sont envoy\u00e9s \u00e0 l&rsquo;\u00e9quipement terminal de l&rsquo;utilisateur depuis un ordinateur ou un domaine g\u00e9r\u00e9 par l&rsquo;\u00e9diteur lui-m\u00eame et \u00e0 partir duquel le service demand\u00e9 par l&rsquo;utilisateur est fourni.<\/li>\n<li>Cookies tiers : ils sont envoy\u00e9s \u00e0 l&rsquo;\u00e9quipement terminal de l&rsquo;utilisateur \u00e0 partir d&rsquo;un ordinateur ou d&rsquo;un domaine qui n&rsquo;est pas g\u00e9r\u00e9 par l&rsquo;\u00e9diteur, mais par une autre entit\u00e9 qui traite les donn\u00e9es obtenues \u00e0 travers les cookies.<\/li>\n<\/ul>\n<p><u>Selon la dur\u00e9e pendant laquelle ils restent actifs <\/u>:<\/p>\n<ul>\n<li>Cookies de session : ils collectent et stockent des donn\u00e9es pendant que l&rsquo;utilisateur acc\u00e8de au site web.<\/li>\n<li>Cookies persistants : ils collectent et stockent des donn\u00e9es dans le terminal et sont consult\u00e9s et trait\u00e9s pendant la p\u00e9riode d\u00e9finie.<\/li>\n<\/ul>\n<p><u>Selon la finalit\u00e9 <\/u><\/p>\n<ul>\n<li>Cookies techniques : ils permettent de naviguer sur le site web et d&rsquo;utiliser les diff\u00e9rents services qui y existent, d&rsquo;interagir avec le Site et d&rsquo;acc\u00e9der au service selon des caract\u00e9ristiques pr\u00e9d\u00e9finies.<\/li>\n<li>Cookies analytiques : Les cookies analytiques sont utilis\u00e9s pour comprendre comment les visiteurs interagissent avec le site web. Ces cookies permettent de fournir des informations sur les m\u00e9triques le nombre de visiteurs, le taux de rebond, la source de trafic, etc.<\/li>\n<\/ul>\n<p>Veuillez trouver ci-dessous la liste des cookies sp\u00e9cifiques utilis\u00e9s par le Site :<\/p>\n<ul>\n<li><b>cmplz_banner_status<\/b><br \/>\nFinalit\u00e9: Ce cookie est d\u00e9fini par Complianz \u2013 GDPR\/CCPA Cookie Consent plugin. Ce cookie est utilis\u00e9 pour enregistrer si un message a \u00e9t\u00e9 rejet\u00e9.<br \/>\nDur\u00e9e: 30 jours.<br \/>\nOrigine: Cookies propres<\/li>\n<li><b><strong>cmplz<\/strong>_policy_id<\/b><br \/>\nFinalit\u00e9: Ce cookie est d\u00e9fini par Complianz \u2013 GDPR\/CCPA Cookie Consent plugin. Le cookie est utilis\u00e9 pour stocker l\u2019ID de la politique de cookies accept\u00e9e.<br \/>\nDur\u00e9e: 30 jours.<br \/>\nOrigine: Cookies propres<\/li>\n<li><strong><b>cmplz_consented_services,\u00a0 cmplz_functional, cmplz_marketing, cmplz_preferences, cmplz_statistics<\/b>, cmplz_event_*<\/strong><br \/>\nFinalit\u00e9: Ces cookies sont d\u00e9finis par Complianz \u2013 plugin de consentement aux cookies GDPR\/CCPA. Les cookies sont utilis\u00e9s pour stocker les pr\u00e9f\u00e9rences de consentement aux cookies.<br \/>\nDur\u00e9e: 30 jours.<br \/>\nOrigine: Cookies propres<\/li>\n<\/ul>\n<p><!--\n\n\n\n\n<ul>\n \t\n\n\n\n<li><b>_ga<\/b>\nPurpose: This cookie is installed by Google Analytics. The cookie is used to calculate visitor, session, camapign data and keep track of site usage for the site\u2019s analytics report. The cookies store information anonymously and assigns a randoly generated number to identify unique visitors.\nExpiration term: Expires in 2 years.\nOrigin: Third-party cookie<\/li>\n\n\n\n\n \t\n\n\n\n<li><b>_gat<\/b>\nPurpose: This cookie is installed by Google Analytics. The cookie is used to throttle the request rate to limit the collection of data on high traffic sites.\nExpiration term: Expires when you close your browser or when log out.\nOrigin: Third-party cookie<\/li>\n\n\n\n\n \t\n\n\n\n<li><b>_gid<\/b>\nPurpose: This cookie is installed by Google Analytics. The cookie is used to store information of how visitors use a website and helps in creating an analytics report of how the wbsite is doing. The data collected including the number visitors, the source where they have come from, and the pages visited in an anonymous form.\nExpiration term: Expires in 24 hours.\nOrigin: Third-party cookie<\/li>\n\n\n\n\n<\/ul>\n\n\n\n\n--><\/p>\n<p><strong>3. Comment sont g\u00e9r\u00e9s les cookies ?<\/strong><\/p>\n<p>L\u2019utilisateur peut choisir d\u2019autoriser, de bloquer ou de supprimer les cookies install\u00e9s dans la section \u00ab\u00a0Configurer les cookies\u00a0\u00bb.<\/p>\n<p>En revanche, la d\u00e9sactivation des cookies pourrait modifier le fonctionnement du Site.<\/p>\n<p>Veuillez consulter le mode d\u2019emploi de votre appareil pour plus d\u2019informations. Si vous bloquez l\u2019utilisation des cookies sur votre appareil, il est possible que certains services ou certaines fonctionnalit\u00e9s du Site ne soient pas disponibles.<\/p>\n<p>Si vous autorisez les cookies du Site souhaitez par la suite supprimer les cookies d\u00e9finis, reportez-vous au menu d\u2019aide de votre navigateur pour obtenir des instructions sur la fa\u00e7on de proc\u00e9der.<\/p>\n<p><strong>4. Mise \u00e0 jour de la Politique des cookies<\/strong><\/p>\n<p>Vous serez inform\u00e9(e) de toute modification apport\u00e9e aux caract\u00e9ristiques ou aux finalit\u00e9s d\u2019utilisation des cookies du Site, de fa\u00e7on \u00e0 obtenir \u00e0 nouveau votre consentement.<\/p>\n<\/div><\/div><style type=\"text\/css\">.fusion-body .fusion-builder-column-2{width:100% !important;margin-top : 0px;margin-bottom : 20px;}.fusion-builder-column-2 > .fusion-column-wrapper {padding-top : 0px !important;padding-right : 0px !important;margin-right : 1.92%;padding-bottom : 0px !important;padding-left : 0px !important;margin-left : 1.92%;}@media only screen and (max-width:1024px) {.fusion-body .fusion-builder-column-2{width:100% !important;order : 0;}.fusion-builder-column-2 > .fusion-column-wrapper {margin-right : 1.92%;margin-left : 1.92%;}}@media only screen and (max-width:640px) {.fusion-body .fusion-builder-column-2{width:100% !important;order : 0;}.fusion-builder-column-2 > .fusion-column-wrapper {margin-right : 1.92%;margin-left : 1.92%;}}<\/style><\/div><\/div><style type=\"text\/css\">.fusion-body .fusion-flex-container.fusion-builder-row-3{ padding-top : 0px;margin-top : 0px;padding-right : 0px;padding-bottom : 0px;margin-bottom : 0px;padding-left : 0px;}<\/style><\/div><\/p>\n","protected":false},"excerpt":{"rendered":"","protected":false},"author":1,"featured_media":0,"parent":0,"menu_order":0,"comment_status":"closed","ping_status":"closed","template":"","meta":[],"_links":{"self":[{"href":"https:\/\/www.colpofix.com\/fr\/wp-json\/wp\/v2\/pages\/485"}],"collection":[{"href":"https:\/\/www.colpofix.com\/fr\/wp-json\/wp\/v2\/pages"}],"about":[{"href":"https:\/\/www.colpofix.com\/fr\/wp-json\/wp\/v2\/types\/page"}],"author":[{"embeddable":true,"href":"https:\/\/www.colpofix.com\/fr\/wp-json\/wp\/v2\/users\/1"}],"replies":[{"embeddable":true,"href":"https:\/\/www.colpofix.com\/fr\/wp-json\/wp\/v2\/comments?post=485"}],"version-history":[{"count":2,"href":"https:\/\/www.colpofix.com\/fr\/wp-json\/wp\/v2\/pages\/485\/revisions"}],"predecessor-version":[{"id":2011,"href":"https:\/\/www.colpofix.com\/fr\/wp-json\/wp\/v2\/pages\/485\/revisions\/2011"}],"wp:attachment":[{"href":"https:\/\/www.colpofix.com\/fr\/wp-json\/wp\/v2\/media?parent=485"}],"curies":[{"name":"wp","href":"https:\/\/api.w.org\/{rel}","templated":true}]}}